{"id":38148,"date":"2025-10-12T20:10:46","date_gmt":"2025-10-12T18:10:46","guid":{"rendered":"https:\/\/politologia.uwr.edu.pl\/?page_id=38148"},"modified":"2026-02-16T19:45:35","modified_gmt":"2026-02-16T18:45:35","slug":"erasmus-incoming-students","status":"publish","type":"page","link":"https:\/\/politologia.uwr.edu.pl\/en\/students\/erasmus-incoming-students\/","title":{"rendered":"Erasmus+ Incoming students"},"content":{"rendered":"\n<div class=\"wp-block-ugb-container ugb-container blok_nowa_podstrona ugb-8dda971 ugb-container--v2 ugb-container--design-plain ugb-main-block\"><div class=\"ugb-inner-block\"><div class=\"ugb-block-content\"><div class=\"ugb-container__wrapper ugb-8dda971-wrapper\"><div class=\"ugb-container__side\"><div class=\"ugb-container__content-wrapper ugb-8dda971-content-wrapper\">\n<div class=\"wp-block-columns bs-news-page is-layout-flex wp-block-columns-is-layout-flex\">\n<div class=\"wp-block-column bs-contact-right-column is-layout-flow wp-block-column-is-layout-flow\">\n<div class=\"wp-block-bonasoft-modular-breadcrumbs-block\"><div class=\"bs_add_breadcrumb_trail\"><\/div><\/div>\n\n\n\n<hr class=\"wp-block-separator has-text-color has-black-color has-css-opacity has-black-background-color has-background is-style-wide bs-border-kontakt\"\/>\n\n\n<h1 style=\"font-style:normal;font-weight:700;\" class=\"bs-naglowek-podstrony wp-block-post-title\">Erasmus+ Incoming students<\/h1>\n\n\n<p><\/p>\n<\/div>\n\n\n\n<div class=\"wp-block-column bs-kontakt-photo is-layout-flow wp-block-column-is-layout-flow\">\n<figure class=\"wp-block-image size-full\"><img loading=\"lazy\" decoding=\"async\" width=\"1000\" height=\"666\" src=\"https:\/\/politologia.uwr.edu.pl\/wp-content\/uploads\/sites\/414\/2023\/12\/backgrounds-pexels-fauxels-3184291-20211001204544.webp\" alt=\"studenci mi\u0119dzynarodowi przy stole, dwoje wymienia u\u015bcisk d\u0142oni\" class=\"wp-image-25239\" srcset=\"https:\/\/politologia.uwr.edu.pl\/wp-content\/uploads\/sites\/414\/2023\/12\/backgrounds-pexels-fauxels-3184291-20211001204544.webp 1000w, https:\/\/politologia.uwr.edu.pl\/wp-content\/uploads\/sites\/414\/2023\/12\/backgrounds-pexels-fauxels-3184291-20211001204544-300x200.webp 300w, https:\/\/politologia.uwr.edu.pl\/wp-content\/uploads\/sites\/414\/2023\/12\/backgrounds-pexels-fauxels-3184291-20211001204544-768x511.webp 768w, https:\/\/politologia.uwr.edu.pl\/wp-content\/uploads\/sites\/414\/2023\/12\/backgrounds-pexels-fauxels-3184291-20211001204544-24x16.webp 24w, https:\/\/politologia.uwr.edu.pl\/wp-content\/uploads\/sites\/414\/2023\/12\/backgrounds-pexels-fauxels-3184291-20211001204544-36x24.webp 36w, https:\/\/politologia.uwr.edu.pl\/wp-content\/uploads\/sites\/414\/2023\/12\/backgrounds-pexels-fauxels-3184291-20211001204544-48x32.webp 48w\" sizes=\"auto, (max-width: 1000px) 100vw, 1000px\" \/><\/figure>\n<\/div>\n<\/div>\n\n\n\n<h2 class=\"wp-block-heading\"><strong>Course selection for incoming students for summer semester 2025\/2026<\/strong><\/h2>\n\n\n\n<p>While <strong>preparing your Learning agreements<\/strong>, please select courses from semesters 2 and 4 from study programs:<\/p>\n\n\n\n<figure class=\"wp-block-embed is-type-wp-embed is-provider-the-institute-of-political-science wp-block-embed-the-institute-of-political-science\"><div class=\"wp-block-embed__wrapper\">\n<blockquote class=\"wp-embedded-content\" data-secret=\"7I7BALCtI5\"><a href=\"https:\/\/politologia.uwr.edu.pl\/en\/students\/study-programmes\/\">Study programmes<\/a><\/blockquote><iframe loading=\"lazy\" class=\"wp-embedded-content\" sandbox=\"allow-scripts\" security=\"restricted\" style=\"position: absolute; visibility: hidden;\" title=\"&#8222;Study programmes&#8221; &#8212; The Institute of Political Science\" src=\"https:\/\/politologia.uwr.edu.pl\/en\/students\/study-programmes\/embed\/#?secret=DsCmcRSlui#?secret=7I7BALCtI5\" data-secret=\"7I7BALCtI5\" width=\"500\" height=\"282\" frameborder=\"0\" marginwidth=\"0\" marginheight=\"0\" scrolling=\"no\"><\/iframe>\n<\/div><\/figure>\n\n\n\n<p>Bachelor degree \u2013 Political Science (<strong>from 2024-2025<\/strong>);<\/p>\n\n\n\n<p>Master\u2019s degree \u2013 Political Science (<strong>from 2024-2025<\/strong>).<\/p>\n\n\n\n<p>There will be also courses from <strong>specialization Comparative politics<\/strong> from the previous study program:<\/p>\n\n\n\n<p>Bachelor degree \u2013 Political Science (<strong>until 2024-2025<\/strong>)<\/p>\n\n\n\n<p>Study programmes contain the following categories:<\/p>\n\n\n\n<ul class=\"wp-block-list\">\n<li>\u201cE\u201d means exam which is the final and formal completion of a course, usually composed of both lecture and classwork. Exams should be taken in the examination session or, if students want, also earlier (zero-term).<\/li>\n\n\n\n<li>\u201cZ\/o\u201d is an ordinary form of passing classwork. Attending classwork is obligatory, whereas attending lectures is not.<\/li>\n\n\n\n<li>If a course is composed of lecture and classwork, students pass (z\/o) classwork first and then they have the right to take an exam. Exams cannot be taken (and passed!) if classwork of that course has not been passed.<\/li>\n<\/ul>\n\n\n\n<p>Importantly, \u201cz\/o\u201d passing must be achieved before the examination session.<\/p>\n\n\n\n<p>We presume that incoming students prepare their Ba and Ma theses supervised by their home universities, therefore&nbsp;<strong>we do not offer Ba and Ma seminars for incoming students<\/strong>.<\/p>\n\n\n\n<p>Other institutes, departments and faculties offer their courses separately. Please browse their websites. <strong>Institute of Political Science cannot guarantee full enrollment to courses offered by other academic units.<\/strong><\/p>\n\n\n\n<p><strong>Course registration \u2013 summer semester 2025\/2026<\/strong><\/p>\n\n\n\n<p>Course&nbsp;<strong>schedules<\/strong>&nbsp;are available on the Institute\u2019s website: <a href=\"https:\/\/politologia.uwr.edu.pl\/en\/students\/schedules\/\">https:\/\/politologia.uwr.edu.pl\/en\/students\/schedules\/<\/a>.<\/p>\n\n\n\n<p>In the Institute of Political Science students&nbsp;<strong>register on courses on-site<\/strong>, that is, by attending the first class of each course.<\/p>\n\n\n\n<p>If attending the first class is not possible, please contact course coordinators by e-mail and declare your will of registration <strong>until the end of the second week of classes<\/strong>.<\/p>\n\n\n\n<p>Other institutes, departments and faculties have their own rules of registration including online registration. Please follow instructions on their websites.<\/p>\n\n\n\n<p><\/p>\n\n\n\n<h2 class=\"wp-block-heading\">Erasmus+ coordinator for incoming students: dr Tomasz Klin, tomasz.klin@uwr.edu.pl<\/h2>\n\n\n\n<p><\/p>\n\n\n\n<p><\/p>\n\n\n\n<p><strong> <\/strong><\/p>\n<\/div><\/div><\/div><\/div><\/div><\/div>\n\n\n\n<h2 class=\"wp-block-heading\"><\/h2>\n","protected":false},"excerpt":{"rendered":"<p>Course selection for incoming students for summer semester 2025\/2026 While preparing your Learning agreements, please select courses from semesters 2 and 4 from study programs: Bachelor degree \u2013 Political Science (from 2024-2025); Master\u2019s degree \u2013 Political Science (from 2024-2025). There will be also courses from specialization Comparative politics from the previous study program: Bachelor degree [&hellip;]<\/p>\n","protected":false},"author":2235,"featured_media":0,"parent":24057,"menu_order":0,"comment_status":"closed","ping_status":"closed","template":"","meta":{"_acf_changed":false,"inline_featured_image":false,"site-sidebar-layout":"default","site-content-layout":"","ast-site-content-layout":"default","site-content-style":"default","site-sidebar-style":"default","ast-global-header-display":"","ast-banner-title-visibility":"","ast-main-header-display":"","ast-hfb-above-header-display":"","ast-hfb-below-header-display":"","ast-hfb-mobile-header-display":"","site-post-title":"","ast-breadcrumbs-content":"","ast-featured-img":"","footer-sml-layout":"","ast-disable-related-posts":"","theme-transparent-header-meta":"","adv-header-id-meta":"","stick-header-meta":"","header-above-stick-meta":"","header-main-stick-meta":"","header-below-stick-meta":"","astra-migrate-meta-layouts":"set","ast-page-background-enabled":"default","ast-page-background-meta":{"desktop":{"background-color":"","background-image":"","background-repeat":"repeat","background-position":"center center","background-size":"auto","background-attachment":"scroll","background-type":"","background-media":"","overlay-type":"","overlay-color":"","overlay-opacity":"","overlay-gradient":""},"tablet":{"background-color":"","background-image":"","background-repeat":"repeat","background-position":"center center","background-size":"auto","background-attachment":"scroll","background-type":"","background-media":"","overlay-type":"","overlay-color":"","overlay-opacity":"","overlay-gradient":""},"mobile":{"background-color":"","background-image":"","background-repeat":"repeat","background-position":"center center","background-size":"auto","background-attachment":"scroll","background-type":"","background-media":"","overlay-type":"","overlay-color":"","overlay-opacity":"","overlay-gradient":""}},"ast-content-background-meta":{"desktop":{"background-color":"var(--ast-global-color-5)","background-image":"","background-repeat":"repeat","background-position":"center center","background-size":"auto","background-attachment":"scroll","background-type":"","background-media":"","overlay-type":"","overlay-color":"","overlay-opacity":"","overlay-gradient":""},"tablet":{"background-color":"var(--ast-global-color-5)","background-image":"","background-repeat":"repeat","background-position":"center center","background-size":"auto","background-attachment":"scroll","background-type":"","background-media":"","overlay-type":"","overlay-color":"","overlay-opacity":"","overlay-gradient":""},"mobile":{"background-color":"var(--ast-global-color-5)","background-image":"","background-repeat":"repeat","background-position":"center center","background-size":"auto","background-attachment":"scroll","background-type":"","background-media":"","overlay-type":"","overlay-color":"","overlay-opacity":"","overlay-gradient":""}},"footnotes":""},"categories":[],"tags":[],"class_list":["post-38148","page","type-page","status-publish","hentry"],"featured_image_urls_v2":{"full":"","thumbnail":"","medium":"","medium_large":"","large":"","1536x1536":"","2048x2048":"","menu-24x24":"","menu-36x36":"","menu-48x48":""},"post_excerpt_stackable_v2":"<p>Erasmus+ Incoming students Course selection for incoming students for summer semester 2025\/2026 While preparing your Learning agreements, please select courses from semesters 2 and 4 from study programs: Study programmes Bachelor degree \u2013 Political Science (from 2024-2025); Master\u2019s degree \u2013 Political Science (from 2024-2025). There will be also courses from specialization Comparative politics from the previous study program: Bachelor degree \u2013 Political Science (until 2024-2025) Study programmes contain the following categories: \u201cE\u201d means exam which is the final and formal completion of a course, usually composed of both lecture and classwork. Exams should be taken in the examination session or,&hellip;<\/p>\n","category_list_v2":"Uncategorized","author_info_v2":{"name":"kzalaskaminska","url":"https:\/\/politologia.uwr.edu.pl\/en\/author\/kzalaskaminska\/"},"comments_num_v2":"0 comments","acf":[],"yoast_head":"<!-- This site is optimized with the Yoast SEO plugin v27.1.1 - https:\/\/yoast.com\/product\/yoast-seo-wordpress\/ -->\n<title>Erasmus+ Incoming students - The Institute of Political Science<\/title>\n<meta name=\"robots\" content=\"index, follow, max-snippet:-1, max-image-preview:large, max-video-preview:-1\" \/>\n<link rel=\"canonical\" href=\"https:\/\/politologia.uwr.edu.pl\/en\/students\/erasmus-incoming-students\/\" \/>\n<meta property=\"og:locale\" content=\"en_US\" \/>\n<meta property=\"og:type\" content=\"article\" \/>\n<meta property=\"og:title\" content=\"Erasmus+ Incoming students - The Institute of Political Science\" \/>\n<meta property=\"og:description\" content=\"Course selection for incoming students for summer semester 2025\/2026 While preparing your Learning agreements, please select courses from semesters 2 and 4 from study programs: Bachelor degree \u2013 Political Science (from 2024-2025); Master\u2019s degree \u2013 Political Science (from 2024-2025). There will be also courses from specialization Comparative politics from the previous study program: Bachelor degree [&hellip;]\" \/>\n<meta property=\"og:url\" content=\"https:\/\/politologia.uwr.edu.pl\/en\/students\/erasmus-incoming-students\/\" \/>\n<meta property=\"og:site_name\" content=\"The Institute of Political Science\" \/>\n<meta property=\"article:modified_time\" content=\"2026-02-16T18:45:35+00:00\" \/>\n<meta property=\"og:image\" content=\"https:\/\/politologia.uwr.edu.pl\/wp-content\/uploads\/sites\/414\/2023\/12\/backgrounds-pexels-fauxels-3184291-20211001204544.webp\" \/>\n\t<meta property=\"og:image:width\" content=\"1000\" \/>\n\t<meta property=\"og:image:height\" content=\"666\" \/>\n\t<meta property=\"og:image:type\" content=\"image\/webp\" \/>\n<meta name=\"twitter:card\" content=\"summary_large_image\" \/>\n<meta name=\"twitter:label1\" content=\"Est. reading time\" \/>\n\t<meta name=\"twitter:data1\" content=\"3 minutes\" \/>\n<script type=\"application\/ld+json\" class=\"yoast-schema-graph\">{\"@context\":\"https:\/\/schema.org\",\"@graph\":[{\"@type\":\"WebPage\",\"@id\":\"https:\/\/politologia.uwr.edu.pl\/en\/students\/erasmus-incoming-students\/\",\"url\":\"https:\/\/politologia.uwr.edu.pl\/en\/students\/erasmus-incoming-students\/\",\"name\":\"Erasmus+ Incoming students - The Institute of Political Science\",\"isPartOf\":{\"@id\":\"https:\/\/politologia.uwr.edu.pl\/#website\"},\"primaryImageOfPage\":{\"@id\":\"https:\/\/politologia.uwr.edu.pl\/en\/students\/erasmus-incoming-students\/#primaryimage\"},\"image\":{\"@id\":\"https:\/\/politologia.uwr.edu.pl\/en\/students\/erasmus-incoming-students\/#primaryimage\"},\"thumbnailUrl\":\"https:\/\/politologia.uwr.edu.pl\/wp-content\/uploads\/sites\/414\/2023\/12\/backgrounds-pexels-fauxels-3184291-20211001204544.webp\",\"datePublished\":\"2025-10-12T18:10:46+00:00\",\"dateModified\":\"2026-02-16T18:45:35+00:00\",\"breadcrumb\":{\"@id\":\"https:\/\/politologia.uwr.edu.pl\/en\/students\/erasmus-incoming-students\/#breadcrumb\"},\"inLanguage\":\"en-US\",\"potentialAction\":[{\"@type\":\"ReadAction\",\"target\":[\"https:\/\/politologia.uwr.edu.pl\/en\/students\/erasmus-incoming-students\/\"]}]},{\"@type\":\"ImageObject\",\"inLanguage\":\"en-US\",\"@id\":\"https:\/\/politologia.uwr.edu.pl\/en\/students\/erasmus-incoming-students\/#primaryimage\",\"url\":\"https:\/\/politologia.uwr.edu.pl\/wp-content\/uploads\/sites\/414\/2023\/12\/backgrounds-pexels-fauxels-3184291-20211001204544.webp\",\"contentUrl\":\"https:\/\/politologia.uwr.edu.pl\/wp-content\/uploads\/sites\/414\/2023\/12\/backgrounds-pexels-fauxels-3184291-20211001204544.webp\"},{\"@type\":\"BreadcrumbList\",\"@id\":\"https:\/\/politologia.uwr.edu.pl\/en\/students\/erasmus-incoming-students\/#breadcrumb\",\"itemListElement\":[{\"@type\":\"ListItem\",\"position\":1,\"name\":\"Strona g\u0142\u00f3wna\",\"item\":\"https:\/\/politologia.uwr.edu.pl\/en\/\"},{\"@type\":\"ListItem\",\"position\":2,\"name\":\"Students\",\"item\":\"https:\/\/politologia.uwr.edu.pl\/en\/students\/\"},{\"@type\":\"ListItem\",\"position\":3,\"name\":\"Erasmus+ Incoming students\"}]},{\"@type\":\"WebSite\",\"@id\":\"https:\/\/politologia.uwr.edu.pl\/#website\",\"url\":\"https:\/\/politologia.uwr.edu.pl\/\",\"name\":\"The Institute of Political Science\",\"description\":\"Kolejna witryna sieci \u201eUWR Witryny\u201d\",\"publisher\":{\"@id\":\"https:\/\/politologia.uwr.edu.pl\/#organization\"},\"potentialAction\":[{\"@type\":\"SearchAction\",\"target\":{\"@type\":\"EntryPoint\",\"urlTemplate\":\"https:\/\/politologia.uwr.edu.pl\/?s={search_term_string}\"},\"query-input\":{\"@type\":\"PropertyValueSpecification\",\"valueRequired\":true,\"valueName\":\"search_term_string\"}}],\"inLanguage\":\"en-US\"},{\"@type\":\"Organization\",\"@id\":\"https:\/\/politologia.uwr.edu.pl\/#organization\",\"name\":\"The Institute of Political Science\",\"url\":\"https:\/\/politologia.uwr.edu.pl\/\",\"logo\":{\"@type\":\"ImageObject\",\"inLanguage\":\"en-US\",\"@id\":\"https:\/\/politologia.uwr.edu.pl\/#\/schema\/logo\/image\/\",\"url\":\"https:\/\/politologia.uwr.edu.pl\/wp-content\/uploads\/sites\/414\/2025\/10\/UWr-logotyp-2025.png\",\"contentUrl\":\"https:\/\/politologia.uwr.edu.pl\/wp-content\/uploads\/sites\/414\/2025\/10\/UWr-logotyp-2025.png\",\"width\":764,\"height\":269,\"caption\":\"The Institute of Political Science\"},\"image\":{\"@id\":\"https:\/\/politologia.uwr.edu.pl\/#\/schema\/logo\/image\/\"}}]}<\/script>\n<!-- \/ Yoast SEO plugin. -->","yoast_head_json":{"title":"Erasmus+ Incoming students - The Institute of Political Science","robots":{"index":"index","follow":"follow","max-snippet":"max-snippet:-1","max-image-preview":"max-image-preview:large","max-video-preview":"max-video-preview:-1"},"canonical":"https:\/\/politologia.uwr.edu.pl\/en\/students\/erasmus-incoming-students\/","og_locale":"en_US","og_type":"article","og_title":"Erasmus+ Incoming students - The Institute of Political Science","og_description":"Course selection for incoming students for summer semester 2025\/2026 While preparing your Learning agreements, please select courses from semesters 2 and 4 from study programs: Bachelor degree \u2013 Political Science (from 2024-2025); Master\u2019s degree \u2013 Political Science (from 2024-2025). There will be also courses from specialization Comparative politics from the previous study program: Bachelor degree [&hellip;]","og_url":"https:\/\/politologia.uwr.edu.pl\/en\/students\/erasmus-incoming-students\/","og_site_name":"The Institute of Political Science","article_modified_time":"2026-02-16T18:45:35+00:00","og_image":[{"width":1000,"height":666,"url":"https:\/\/politologia.uwr.edu.pl\/wp-content\/uploads\/sites\/414\/2023\/12\/backgrounds-pexels-fauxels-3184291-20211001204544.webp","type":"image\/webp"}],"twitter_card":"summary_large_image","twitter_misc":{"Est. reading time":"3 minutes"},"schema":{"@context":"https:\/\/schema.org","@graph":[{"@type":"WebPage","@id":"https:\/\/politologia.uwr.edu.pl\/en\/students\/erasmus-incoming-students\/","url":"https:\/\/politologia.uwr.edu.pl\/en\/students\/erasmus-incoming-students\/","name":"Erasmus+ Incoming students - The Institute of Political Science","isPartOf":{"@id":"https:\/\/politologia.uwr.edu.pl\/#website"},"primaryImageOfPage":{"@id":"https:\/\/politologia.uwr.edu.pl\/en\/students\/erasmus-incoming-students\/#primaryimage"},"image":{"@id":"https:\/\/politologia.uwr.edu.pl\/en\/students\/erasmus-incoming-students\/#primaryimage"},"thumbnailUrl":"https:\/\/politologia.uwr.edu.pl\/wp-content\/uploads\/sites\/414\/2023\/12\/backgrounds-pexels-fauxels-3184291-20211001204544.webp","datePublished":"2025-10-12T18:10:46+00:00","dateModified":"2026-02-16T18:45:35+00:00","breadcrumb":{"@id":"https:\/\/politologia.uwr.edu.pl\/en\/students\/erasmus-incoming-students\/#breadcrumb"},"inLanguage":"en-US","potentialAction":[{"@type":"ReadAction","target":["https:\/\/politologia.uwr.edu.pl\/en\/students\/erasmus-incoming-students\/"]}]},{"@type":"ImageObject","inLanguage":"en-US","@id":"https:\/\/politologia.uwr.edu.pl\/en\/students\/erasmus-incoming-students\/#primaryimage","url":"https:\/\/politologia.uwr.edu.pl\/wp-content\/uploads\/sites\/414\/2023\/12\/backgrounds-pexels-fauxels-3184291-20211001204544.webp","contentUrl":"https:\/\/politologia.uwr.edu.pl\/wp-content\/uploads\/sites\/414\/2023\/12\/backgrounds-pexels-fauxels-3184291-20211001204544.webp"},{"@type":"BreadcrumbList","@id":"https:\/\/politologia.uwr.edu.pl\/en\/students\/erasmus-incoming-students\/#breadcrumb","itemListElement":[{"@type":"ListItem","position":1,"name":"Strona g\u0142\u00f3wna","item":"https:\/\/politologia.uwr.edu.pl\/en\/"},{"@type":"ListItem","position":2,"name":"Students","item":"https:\/\/politologia.uwr.edu.pl\/en\/students\/"},{"@type":"ListItem","position":3,"name":"Erasmus+ Incoming students"}]},{"@type":"WebSite","@id":"https:\/\/politologia.uwr.edu.pl\/#website","url":"https:\/\/politologia.uwr.edu.pl\/","name":"The Institute of Political Science","description":"Kolejna witryna sieci \u201eUWR Witryny\u201d","publisher":{"@id":"https:\/\/politologia.uwr.edu.pl\/#organization"},"potentialAction":[{"@type":"SearchAction","target":{"@type":"EntryPoint","urlTemplate":"https:\/\/politologia.uwr.edu.pl\/?s={search_term_string}"},"query-input":{"@type":"PropertyValueSpecification","valueRequired":true,"valueName":"search_term_string"}}],"inLanguage":"en-US"},{"@type":"Organization","@id":"https:\/\/politologia.uwr.edu.pl\/#organization","name":"The Institute of Political Science","url":"https:\/\/politologia.uwr.edu.pl\/","logo":{"@type":"ImageObject","inLanguage":"en-US","@id":"https:\/\/politologia.uwr.edu.pl\/#\/schema\/logo\/image\/","url":"https:\/\/politologia.uwr.edu.pl\/wp-content\/uploads\/sites\/414\/2025\/10\/UWr-logotyp-2025.png","contentUrl":"https:\/\/politologia.uwr.edu.pl\/wp-content\/uploads\/sites\/414\/2025\/10\/UWr-logotyp-2025.png","width":764,"height":269,"caption":"The Institute of Political Science"},"image":{"@id":"https:\/\/politologia.uwr.edu.pl\/#\/schema\/logo\/image\/"}}]}},"publishpress_future_action":{"enabled":false,"date":"2026-04-28 19:46:29","action":"change-status","newStatus":"draft","terms":[],"taxonomy":"category","extraData":[]},"publishpress_future_workflow_manual_trigger":{"enabledWorkflows":[]},"_links":{"self":[{"href":"https:\/\/politologia.uwr.edu.pl\/en\/wp-json\/wp\/v2\/pages\/38148\/"}],"collection":[{"href":"https:\/\/politologia.uwr.edu.pl\/en\/wp-json\/wp\/v2\/pages\/"}],"about":[{"href":"https:\/\/politologia.uwr.edu.pl\/en\/wp-json\/wp\/v2\/types\/page\/"}],"author":[{"embeddable":true,"href":"https:\/\/politologia.uwr.edu.pl\/en\/wp-json\/wp\/v2\/users\/2235\/"}],"replies":[{"embeddable":true,"href":"https:\/\/politologia.uwr.edu.pl\/en\/wp-json\/wp\/v2\/comments\/?post=38148"}],"version-history":[{"count":3,"href":"https:\/\/politologia.uwr.edu.pl\/en\/wp-json\/wp\/v2\/pages\/38148\/revisions\/"}],"predecessor-version":[{"id":40030,"href":"https:\/\/politologia.uwr.edu.pl\/en\/wp-json\/wp\/v2\/pages\/38148\/revisions\/40030\/"}],"up":[{"embeddable":true,"href":"https:\/\/politologia.uwr.edu.pl\/en\/wp-json\/wp\/v2\/pages\/24057\/"}],"wp:attachment":[{"href":"https:\/\/politologia.uwr.edu.pl\/en\/wp-json\/wp\/v2\/media\/?parent=38148"}],"wp:term":[{"taxonomy":"category","embeddable":true,"href":"https:\/\/politologia.uwr.edu.pl\/en\/wp-json\/wp\/v2\/categories\/?post=38148"},{"taxonomy":"post_tag","embeddable":true,"href":"https:\/\/politologia.uwr.edu.pl\/en\/wp-json\/wp\/v2\/tags\/?post=38148"}],"curies":[{"name":"wp","href":"https:\/\/api.w.org\/{rel}","templated":true}]}}