{"id":27093,"date":"2023-10-29T20:51:56","date_gmt":"2023-10-29T19:51:56","guid":{"rendered":"https:\/\/politologia.uwr.edu.pl\/institute\/wspolpraca-z-otoczeniem-zewnetrznym\/"},"modified":"2024-02-11T10:59:11","modified_gmt":"2024-02-11T09:59:11","slug":"wspolpraca-z-otoczeniem-zewnetrznym","status":"publish","type":"page","link":"https:\/\/politologia.uwr.edu.pl\/en\/institute\/wspolpraca-z-otoczeniem-zewnetrznym\/","title":{"rendered":"Partnerships"},"content":{"rendered":"\n<div class=\"wp-block-ugb-container ugb-container blok_nowa_podstrona ugb-8dda971 ugb-container--v2 ugb-container--design-plain ugb-main-block\"><div class=\"ugb-inner-block\"><div class=\"ugb-block-content\"><div class=\"ugb-container__wrapper ugb-8dda971-wrapper\"><div class=\"ugb-container__side\"><div class=\"ugb-container__content-wrapper ugb-8dda971-content-wrapper\">\n<div class=\"wp-block-columns bs-news-page is-layout-flex wp-block-columns-is-layout-flex\">\n<div class=\"wp-block-column bs-contact-right-column is-layout-flow wp-block-column-is-layout-flow\">\n<div class=\"wp-block-bonasoft-modular-breadcrumbs-block\"><div class=\"bs_add_breadcrumb_trail\"><\/div><\/div>\n\n\n\n<hr class=\"wp-block-separator has-text-color has-black-color has-css-opacity has-black-background-color has-background is-style-wide bs-border-kontakt\"\/>\n\n\n<h1 style=\"font-style:normal;font-weight:700;\" class=\"bs-naglowek-podstrony wp-block-post-title\">Partnerships<\/h1><\/div>\n\n\n\n<div class=\"wp-block-column bs-kontakt-photo is-layout-flow wp-block-column-is-layout-flow\">\n<figure class=\"wp-block-image size-large\"><img loading=\"lazy\" decoding=\"async\" width=\"1024\" height=\"683\" src=\"https:\/\/politologia.uwr.edu.pl\/wp-content\/uploads\/sites\/414\/2023\/09\/UWr_024-1024x683.jpg\" alt=\"budynek IPoL\" class=\"wp-image-24255\" srcset=\"https:\/\/politologia.uwr.edu.pl\/wp-content\/uploads\/sites\/414\/2023\/09\/UWr_024-1024x683.jpg 1024w, https:\/\/politologia.uwr.edu.pl\/wp-content\/uploads\/sites\/414\/2023\/09\/UWr_024-300x200.jpg 300w, https:\/\/politologia.uwr.edu.pl\/wp-content\/uploads\/sites\/414\/2023\/09\/UWr_024-768x512.jpg 768w, https:\/\/politologia.uwr.edu.pl\/wp-content\/uploads\/sites\/414\/2023\/09\/UWr_024-1536x1024.jpg 1536w, https:\/\/politologia.uwr.edu.pl\/wp-content\/uploads\/sites\/414\/2023\/09\/UWr_024-2048x1365.jpg 2048w, https:\/\/politologia.uwr.edu.pl\/wp-content\/uploads\/sites\/414\/2023\/09\/UWr_024-1320x880.jpg 1320w, https:\/\/politologia.uwr.edu.pl\/wp-content\/uploads\/sites\/414\/2023\/09\/UWr_024-24x16.jpg 24w, https:\/\/politologia.uwr.edu.pl\/wp-content\/uploads\/sites\/414\/2023\/09\/UWr_024-36x24.jpg 36w, https:\/\/politologia.uwr.edu.pl\/wp-content\/uploads\/sites\/414\/2023\/09\/UWr_024-48x32.jpg 48w\" sizes=\"auto, (max-width: 1024px) 100vw, 1024px\" \/><\/figure>\n<\/div>\n<\/div>\n\n\n\n<h3 class=\"wp-block-heading\"><\/h3>\n\n\n\n<p><strong>Cooperation with strategic partners<\/strong><\/p>\n\n\n\n<p>The Institute of Political Science, in developing its contacts with the socio-economic environment, first pursues cooperation with its strategic partners. The first of these is the Association of Wroc\u0142aw Political Science Graduates and Students, which brings together graduates of the Institute who are active as entrepreneurs, managers, civil servants, politicians and journalists. The Institute of Political Science also cooperates with employers, business entities and public administration offices. This cooperation is institutionalised in the form of the Institute of Political Science&#8217;s Stakeholder Council, which consists of: Wojciech Adamski (Director of the Department of Security and Crisis Management of the Municipal Office in Wroc\u0142aw), Dr Tomasz Chmielewski (COO at Clearcode Services S.A), Tomasz Duda (Editor-in-Chief of Radio Rodzina), Dr Rados\u0142aw Michalski (Director of the Department of City Promotion and Tourism at Wroc\u0142aw City Hall), Agata Potarzycka-Szczerba (freelance public relations consultant), Marcin Skocz (President of the Management Board of the Semper Avanti Foundation), Ewa Skrzywanek (Wroc\u0142aw Teacher Training Centre), Laurynas Vai\u010di\u016bnas (President of the Management Board of the College of Eastern Europe).<\/p>\n\n\n\n<p><strong>Cooperation with schools<\/strong><\/p>\n\n\n\n<p>The Institute of Political Science carries out cooperation with schools. As part of this, the Institute&#8217;s staff, doctoral students and students conduct classes and workshops on social and political issues at schools. Pupils can also visit the Institute of Political Science, take classes on the premises of the University, and familiarise themselves with the Collection of Documents of Social and Political Life. Classes are also conducted remotely. Schools are also welcome to attend classes offered as part of the Lower Silesian Science Festival. Institutions interested in cooperation are invited to contact the Institute of Political Science.<\/p>\n\n\n\n<p><strong>Cooperation with public administration<\/strong><\/p>\n\n\n\n<p>Employees of the Institute of Political Science provide expert support to the public administration. In this capacity, they have cooperated with the local government of the Lower Silesian Voivodeship and many municipalities in our region. We also carry out teaching activities in cooperation with the administration, which also offers our students internships and placements.<\/p>\n\n\n\n<p><strong>Cooperation with the media<\/strong><\/p>\n\n\n\n<p>Employees of the Institute of Political Science provide expert support to the media with regard to their research. Our experts comment on current social and political events, among others on TVN, Telewizja Polsat, TVP Echo, TVP Wroc\u0142aw, Gazeta Wyborcza, Newsweek.<\/p>\n\n\n\n<p><strong>Olimpiada Wiedzy o Polsce i \u015awiecie Wsp\u00f3\u0142czesnym<\/strong> <strong>(Poland and the Contemporary World Knowledge Olympiad)<\/strong><\/p>\n\n\n\n<p>Since 2020, the Institute of Political Science at the University of Wroc\u0142aw has been the co-organiser of the district edition of the Olympiad of Knowledge about Poland and the Contemporary World. The Olympiad of Knowledge of Poland and the Contemporary World has been organised since 1960. The first stage competitions are held simultaneously in all eligible schools, after which students take part in the district competitions. Our Institute has been organising the district competition in Lower Silesia since 2020. Students who win at this stage go on to the central competition, which takes place in Warsaw.<\/p>\n\n\n\n<p>More info: <a href=\"http:\/\/www.owpsw.edu.pl\/\">http:\/\/www.owpsw.edu.pl\/<\/a><\/p>\n<\/div><\/div><\/div><\/div><\/div><\/div>\n","protected":false},"excerpt":{"rendered":"<p>Cooperation with strategic partners The Institute of Political Science, in developing its contacts with the socio-economic environment, first pursues cooperation with its strategic partners. The first of these is the Association of Wroc\u0142aw Political Science Graduates and Students, which brings together graduates of the Institute who are active as entrepreneurs, managers, civil servants, politicians and [&hellip;]<\/p>\n","protected":false},"author":2235,"featured_media":24258,"parent":24024,"menu_order":0,"comment_status":"closed","ping_status":"closed","template":"","meta":{"_acf_changed":false,"inline_featured_image":false,"site-sidebar-layout":"default","site-content-layout":"","ast-site-content-layout":"default","site-content-style":"default","site-sidebar-style":"default","ast-global-header-display":"","ast-banner-title-visibility":"","ast-main-header-display":"","ast-hfb-above-header-display":"","ast-hfb-below-header-display":"","ast-hfb-mobile-header-display":"","site-post-title":"","ast-breadcrumbs-content":"","ast-featured-img":"","footer-sml-layout":"","ast-disable-related-posts":"","theme-transparent-header-meta":"","adv-header-id-meta":"","stick-header-meta":"","header-above-stick-meta":"","header-main-stick-meta":"","header-below-stick-meta":"","astra-migrate-meta-layouts":"default","ast-page-background-enabled":"default","ast-page-background-meta":{"desktop":{"background-color":"","background-image":"","background-repeat":"repeat","background-position":"center center","background-size":"auto","background-attachment":"scroll","background-type":"","background-media":"","overlay-type":"","overlay-color":"","overlay-opacity":"","overlay-gradient":""},"tablet":{"background-color":"","background-image":"","background-repeat":"repeat","background-position":"center center","background-size":"auto","background-attachment":"scroll","background-type":"","background-media":"","overlay-type":"","overlay-color":"","overlay-opacity":"","overlay-gradient":""},"mobile":{"background-color":"","background-image":"","background-repeat":"repeat","background-position":"center center","background-size":"auto","background-attachment":"scroll","background-type":"","background-media":"","overlay-type":"","overlay-color":"","overlay-opacity":"","overlay-gradient":""}},"ast-content-background-meta":{"desktop":{"background-color":"var(--ast-global-color-5)","background-image":"","background-repeat":"repeat","background-position":"center center","background-size":"auto","background-attachment":"scroll","background-type":"","background-media":"","overlay-type":"","overlay-color":"","overlay-opacity":"","overlay-gradient":""},"tablet":{"background-color":"var(--ast-global-color-5)","background-image":"","background-repeat":"repeat","background-position":"center center","background-size":"auto","background-attachment":"scroll","background-type":"","background-media":"","overlay-type":"","overlay-color":"","overlay-opacity":"","overlay-gradient":""},"mobile":{"background-color":"var(--ast-global-color-5)","background-image":"","background-repeat":"repeat","background-position":"center center","background-size":"auto","background-attachment":"scroll","background-type":"","background-media":"","overlay-type":"","overlay-color":"","overlay-opacity":"","overlay-gradient":""}},"footnotes":""},"categories":[],"tags":[],"class_list":["post-27093","page","type-page","status-publish","has-post-thumbnail","hentry"],"featured_image_urls_v2":{"full":["https:\/\/politologia.uwr.edu.pl\/wp-content\/uploads\/sites\/414\/2023\/09\/UWr_024-scaled.jpg",2560,1707,false],"thumbnail":["https:\/\/politologia.uwr.edu.pl\/wp-content\/uploads\/sites\/414\/2023\/09\/UWr_024-150x150.jpg",150,150,true],"medium":["https:\/\/politologia.uwr.edu.pl\/wp-content\/uploads\/sites\/414\/2023\/09\/UWr_024-300x200.jpg",300,200,true],"medium_large":["https:\/\/politologia.uwr.edu.pl\/wp-content\/uploads\/sites\/414\/2023\/09\/UWr_024-768x512.jpg",768,512,true],"large":["https:\/\/politologia.uwr.edu.pl\/wp-content\/uploads\/sites\/414\/2023\/09\/UWr_024-1024x683.jpg",1024,683,true],"1536x1536":["https:\/\/politologia.uwr.edu.pl\/wp-content\/uploads\/sites\/414\/2023\/09\/UWr_024-1536x1024.jpg",1536,1024,true],"2048x2048":["https:\/\/politologia.uwr.edu.pl\/wp-content\/uploads\/sites\/414\/2023\/09\/UWr_024-2048x1365.jpg",2048,1365,true],"menu-24x24":["https:\/\/politologia.uwr.edu.pl\/wp-content\/uploads\/sites\/414\/2023\/09\/UWr_024-24x16.jpg",24,16,true],"menu-36x36":["https:\/\/politologia.uwr.edu.pl\/wp-content\/uploads\/sites\/414\/2023\/09\/UWr_024-36x24.jpg",36,24,true],"menu-48x48":["https:\/\/politologia.uwr.edu.pl\/wp-content\/uploads\/sites\/414\/2023\/09\/UWr_024-48x32.jpg",48,32,true]},"post_excerpt_stackable_v2":"<p>Partnerships Cooperation with strategic partners The Institute of Political Science, in developing its contacts with the socio-economic environment, first pursues cooperation with its strategic partners. The first of these is the Association of Wroc\u0142aw Political Science Graduates and Students, which brings together graduates of the Institute who are active as entrepreneurs, managers, civil servants, politicians and journalists. The Institute of Political Science also cooperates with employers, business entities and public administration offices. This cooperation is institutionalised in the form of the Institute of Political Science&#8217;s Stakeholder Council, which consists of: Wojciech Adamski (Director of the Department of Security and Crisis&hellip;<\/p>\n","category_list_v2":"Uncategorized","author_info_v2":{"name":"kzalaskaminska","url":"https:\/\/politologia.uwr.edu.pl\/en\/author\/kzalaskaminska\/"},"comments_num_v2":"0 comments","acf":[],"yoast_head":"<!-- This site is optimized with the Yoast SEO plugin v27.1.1 - https:\/\/yoast.com\/product\/yoast-seo-wordpress\/ -->\n<title>Partnerships - The Institute of Political Science<\/title>\n<meta name=\"robots\" content=\"index, follow, max-snippet:-1, max-image-preview:large, max-video-preview:-1\" \/>\n<link rel=\"canonical\" href=\"https:\/\/politologia.uwr.edu.pl\/en\/institute\/wspolpraca-z-otoczeniem-zewnetrznym\/\" \/>\n<meta property=\"og:locale\" content=\"en_US\" \/>\n<meta property=\"og:type\" content=\"article\" \/>\n<meta property=\"og:title\" content=\"Partnerships - The Institute of Political Science\" \/>\n<meta property=\"og:description\" content=\"Cooperation with strategic partners The Institute of Political Science, in developing its contacts with the socio-economic environment, first pursues cooperation with its strategic partners. The first of these is the Association of Wroc\u0142aw Political Science Graduates and Students, which brings together graduates of the Institute who are active as entrepreneurs, managers, civil servants, politicians and [&hellip;]\" \/>\n<meta property=\"og:url\" content=\"https:\/\/politologia.uwr.edu.pl\/en\/institute\/wspolpraca-z-otoczeniem-zewnetrznym\/\" \/>\n<meta property=\"og:site_name\" content=\"The Institute of Political Science\" \/>\n<meta property=\"article:modified_time\" content=\"2024-02-11T09:59:11+00:00\" \/>\n<meta property=\"og:image\" content=\"https:\/\/politologia.uwr.edu.pl\/wp-content\/uploads\/sites\/414\/2023\/09\/UWr_024-scaled.jpg\" \/>\n\t<meta property=\"og:image:width\" content=\"2560\" \/>\n\t<meta property=\"og:image:height\" content=\"1707\" \/>\n\t<meta property=\"og:image:type\" content=\"image\/jpeg\" \/>\n<meta name=\"twitter:card\" content=\"summary_large_image\" \/>\n<meta name=\"twitter:label1\" content=\"Est. reading time\" \/>\n\t<meta name=\"twitter:data1\" content=\"4 minutes\" \/>\n<script type=\"application\/ld+json\" class=\"yoast-schema-graph\">{\"@context\":\"https:\/\/schema.org\",\"@graph\":[{\"@type\":\"WebPage\",\"@id\":\"https:\/\/politologia.uwr.edu.pl\/en\/institute\/wspolpraca-z-otoczeniem-zewnetrznym\/\",\"url\":\"https:\/\/politologia.uwr.edu.pl\/en\/institute\/wspolpraca-z-otoczeniem-zewnetrznym\/\",\"name\":\"Partnerships - The Institute of Political Science\",\"isPartOf\":{\"@id\":\"https:\/\/politologia.uwr.edu.pl\/#website\"},\"primaryImageOfPage\":{\"@id\":\"https:\/\/politologia.uwr.edu.pl\/en\/institute\/wspolpraca-z-otoczeniem-zewnetrznym\/#primaryimage\"},\"image\":{\"@id\":\"https:\/\/politologia.uwr.edu.pl\/en\/institute\/wspolpraca-z-otoczeniem-zewnetrznym\/#primaryimage\"},\"thumbnailUrl\":\"https:\/\/politologia.uwr.edu.pl\/wp-content\/uploads\/sites\/414\/2023\/09\/UWr_024-scaled.jpg\",\"datePublished\":\"2023-10-29T19:51:56+00:00\",\"dateModified\":\"2024-02-11T09:59:11+00:00\",\"breadcrumb\":{\"@id\":\"https:\/\/politologia.uwr.edu.pl\/en\/institute\/wspolpraca-z-otoczeniem-zewnetrznym\/#breadcrumb\"},\"inLanguage\":\"en-US\",\"potentialAction\":[{\"@type\":\"ReadAction\",\"target\":[\"https:\/\/politologia.uwr.edu.pl\/en\/institute\/wspolpraca-z-otoczeniem-zewnetrznym\/\"]}]},{\"@type\":\"ImageObject\",\"inLanguage\":\"en-US\",\"@id\":\"https:\/\/politologia.uwr.edu.pl\/en\/institute\/wspolpraca-z-otoczeniem-zewnetrznym\/#primaryimage\",\"url\":\"https:\/\/politologia.uwr.edu.pl\/wp-content\/uploads\/sites\/414\/2023\/09\/UWr_024-scaled.jpg\",\"contentUrl\":\"https:\/\/politologia.uwr.edu.pl\/wp-content\/uploads\/sites\/414\/2023\/09\/UWr_024-scaled.jpg\",\"width\":2560,\"height\":1707,\"caption\":\"budynek IPoL\"},{\"@type\":\"BreadcrumbList\",\"@id\":\"https:\/\/politologia.uwr.edu.pl\/en\/institute\/wspolpraca-z-otoczeniem-zewnetrznym\/#breadcrumb\",\"itemListElement\":[{\"@type\":\"ListItem\",\"position\":1,\"name\":\"Strona g\u0142\u00f3wna\",\"item\":\"https:\/\/politologia.uwr.edu.pl\/en\/\"},{\"@type\":\"ListItem\",\"position\":2,\"name\":\"Institute\",\"item\":\"https:\/\/politologia.uwr.edu.pl\/en\/institute\/\"},{\"@type\":\"ListItem\",\"position\":3,\"name\":\"Partnerships\"}]},{\"@type\":\"WebSite\",\"@id\":\"https:\/\/politologia.uwr.edu.pl\/#website\",\"url\":\"https:\/\/politologia.uwr.edu.pl\/\",\"name\":\"The Institute of Political Science\",\"description\":\"Kolejna witryna sieci \u201eUWR Witryny\u201d\",\"publisher\":{\"@id\":\"https:\/\/politologia.uwr.edu.pl\/#organization\"},\"potentialAction\":[{\"@type\":\"SearchAction\",\"target\":{\"@type\":\"EntryPoint\",\"urlTemplate\":\"https:\/\/politologia.uwr.edu.pl\/?s={search_term_string}\"},\"query-input\":{\"@type\":\"PropertyValueSpecification\",\"valueRequired\":true,\"valueName\":\"search_term_string\"}}],\"inLanguage\":\"en-US\"},{\"@type\":\"Organization\",\"@id\":\"https:\/\/politologia.uwr.edu.pl\/#organization\",\"name\":\"The Institute of Political Science\",\"url\":\"https:\/\/politologia.uwr.edu.pl\/\",\"logo\":{\"@type\":\"ImageObject\",\"inLanguage\":\"en-US\",\"@id\":\"https:\/\/politologia.uwr.edu.pl\/#\/schema\/logo\/image\/\",\"url\":\"https:\/\/politologia.uwr.edu.pl\/wp-content\/uploads\/sites\/414\/2025\/10\/UWr-logotyp-2025.png\",\"contentUrl\":\"https:\/\/politologia.uwr.edu.pl\/wp-content\/uploads\/sites\/414\/2025\/10\/UWr-logotyp-2025.png\",\"width\":764,\"height\":269,\"caption\":\"The Institute of Political Science\"},\"image\":{\"@id\":\"https:\/\/politologia.uwr.edu.pl\/#\/schema\/logo\/image\/\"}}]}<\/script>\n<!-- \/ Yoast SEO plugin. -->","yoast_head_json":{"title":"Partnerships - The Institute of Political Science","robots":{"index":"index","follow":"follow","max-snippet":"max-snippet:-1","max-image-preview":"max-image-preview:large","max-video-preview":"max-video-preview:-1"},"canonical":"https:\/\/politologia.uwr.edu.pl\/en\/institute\/wspolpraca-z-otoczeniem-zewnetrznym\/","og_locale":"en_US","og_type":"article","og_title":"Partnerships - The Institute of Political Science","og_description":"Cooperation with strategic partners The Institute of Political Science, in developing its contacts with the socio-economic environment, first pursues cooperation with its strategic partners. The first of these is the Association of Wroc\u0142aw Political Science Graduates and Students, which brings together graduates of the Institute who are active as entrepreneurs, managers, civil servants, politicians and [&hellip;]","og_url":"https:\/\/politologia.uwr.edu.pl\/en\/institute\/wspolpraca-z-otoczeniem-zewnetrznym\/","og_site_name":"The Institute of Political Science","article_modified_time":"2024-02-11T09:59:11+00:00","og_image":[{"width":2560,"height":1707,"url":"https:\/\/politologia.uwr.edu.pl\/wp-content\/uploads\/sites\/414\/2023\/09\/UWr_024-scaled.jpg","type":"image\/jpeg"}],"twitter_card":"summary_large_image","twitter_misc":{"Est. reading time":"4 minutes"},"schema":{"@context":"https:\/\/schema.org","@graph":[{"@type":"WebPage","@id":"https:\/\/politologia.uwr.edu.pl\/en\/institute\/wspolpraca-z-otoczeniem-zewnetrznym\/","url":"https:\/\/politologia.uwr.edu.pl\/en\/institute\/wspolpraca-z-otoczeniem-zewnetrznym\/","name":"Partnerships - The Institute of Political Science","isPartOf":{"@id":"https:\/\/politologia.uwr.edu.pl\/#website"},"primaryImageOfPage":{"@id":"https:\/\/politologia.uwr.edu.pl\/en\/institute\/wspolpraca-z-otoczeniem-zewnetrznym\/#primaryimage"},"image":{"@id":"https:\/\/politologia.uwr.edu.pl\/en\/institute\/wspolpraca-z-otoczeniem-zewnetrznym\/#primaryimage"},"thumbnailUrl":"https:\/\/politologia.uwr.edu.pl\/wp-content\/uploads\/sites\/414\/2023\/09\/UWr_024-scaled.jpg","datePublished":"2023-10-29T19:51:56+00:00","dateModified":"2024-02-11T09:59:11+00:00","breadcrumb":{"@id":"https:\/\/politologia.uwr.edu.pl\/en\/institute\/wspolpraca-z-otoczeniem-zewnetrznym\/#breadcrumb"},"inLanguage":"en-US","potentialAction":[{"@type":"ReadAction","target":["https:\/\/politologia.uwr.edu.pl\/en\/institute\/wspolpraca-z-otoczeniem-zewnetrznym\/"]}]},{"@type":"ImageObject","inLanguage":"en-US","@id":"https:\/\/politologia.uwr.edu.pl\/en\/institute\/wspolpraca-z-otoczeniem-zewnetrznym\/#primaryimage","url":"https:\/\/politologia.uwr.edu.pl\/wp-content\/uploads\/sites\/414\/2023\/09\/UWr_024-scaled.jpg","contentUrl":"https:\/\/politologia.uwr.edu.pl\/wp-content\/uploads\/sites\/414\/2023\/09\/UWr_024-scaled.jpg","width":2560,"height":1707,"caption":"budynek IPoL"},{"@type":"BreadcrumbList","@id":"https:\/\/politologia.uwr.edu.pl\/en\/institute\/wspolpraca-z-otoczeniem-zewnetrznym\/#breadcrumb","itemListElement":[{"@type":"ListItem","position":1,"name":"Strona g\u0142\u00f3wna","item":"https:\/\/politologia.uwr.edu.pl\/en\/"},{"@type":"ListItem","position":2,"name":"Institute","item":"https:\/\/politologia.uwr.edu.pl\/en\/institute\/"},{"@type":"ListItem","position":3,"name":"Partnerships"}]},{"@type":"WebSite","@id":"https:\/\/politologia.uwr.edu.pl\/#website","url":"https:\/\/politologia.uwr.edu.pl\/","name":"The Institute of Political Science","description":"Kolejna witryna sieci \u201eUWR Witryny\u201d","publisher":{"@id":"https:\/\/politologia.uwr.edu.pl\/#organization"},"potentialAction":[{"@type":"SearchAction","target":{"@type":"EntryPoint","urlTemplate":"https:\/\/politologia.uwr.edu.pl\/?s={search_term_string}"},"query-input":{"@type":"PropertyValueSpecification","valueRequired":true,"valueName":"search_term_string"}}],"inLanguage":"en-US"},{"@type":"Organization","@id":"https:\/\/politologia.uwr.edu.pl\/#organization","name":"The Institute of Political Science","url":"https:\/\/politologia.uwr.edu.pl\/","logo":{"@type":"ImageObject","inLanguage":"en-US","@id":"https:\/\/politologia.uwr.edu.pl\/#\/schema\/logo\/image\/","url":"https:\/\/politologia.uwr.edu.pl\/wp-content\/uploads\/sites\/414\/2025\/10\/UWr-logotyp-2025.png","contentUrl":"https:\/\/politologia.uwr.edu.pl\/wp-content\/uploads\/sites\/414\/2025\/10\/UWr-logotyp-2025.png","width":764,"height":269,"caption":"The Institute of Political Science"},"image":{"@id":"https:\/\/politologia.uwr.edu.pl\/#\/schema\/logo\/image\/"}}]}},"publishpress_future_action":{"enabled":false,"date":"2026-04-28 17:54:34","action":"change-status","newStatus":"draft","terms":[],"taxonomy":"category","extraData":[]},"publishpress_future_workflow_manual_trigger":{"enabledWorkflows":[]},"_links":{"self":[{"href":"https:\/\/politologia.uwr.edu.pl\/en\/wp-json\/wp\/v2\/pages\/27093\/"}],"collection":[{"href":"https:\/\/politologia.uwr.edu.pl\/en\/wp-json\/wp\/v2\/pages\/"}],"about":[{"href":"https:\/\/politologia.uwr.edu.pl\/en\/wp-json\/wp\/v2\/types\/page\/"}],"author":[{"embeddable":true,"href":"https:\/\/politologia.uwr.edu.pl\/en\/wp-json\/wp\/v2\/users\/2235\/"}],"replies":[{"embeddable":true,"href":"https:\/\/politologia.uwr.edu.pl\/en\/wp-json\/wp\/v2\/comments\/?post=27093"}],"version-history":[{"count":3,"href":"https:\/\/politologia.uwr.edu.pl\/en\/wp-json\/wp\/v2\/pages\/27093\/revisions\/"}],"predecessor-version":[{"id":27574,"href":"https:\/\/politologia.uwr.edu.pl\/en\/wp-json\/wp\/v2\/pages\/27093\/revisions\/27574\/"}],"up":[{"embeddable":true,"href":"https:\/\/politologia.uwr.edu.pl\/en\/wp-json\/wp\/v2\/pages\/24024\/"}],"wp:featuredmedia":[{"embeddable":true,"href":"https:\/\/politologia.uwr.edu.pl\/en\/wp-json\/wp\/v2\/media\/24258\/"}],"wp:attachment":[{"href":"https:\/\/politologia.uwr.edu.pl\/en\/wp-json\/wp\/v2\/media\/?parent=27093"}],"wp:term":[{"taxonomy":"category","embeddable":true,"href":"https:\/\/politologia.uwr.edu.pl\/en\/wp-json\/wp\/v2\/categories\/?post=27093"},{"taxonomy":"post_tag","embeddable":true,"href":"https:\/\/politologia.uwr.edu.pl\/en\/wp-json\/wp\/v2\/tags\/?post=27093"}],"curies":[{"name":"wp","href":"https:\/\/api.w.org\/{rel}","templated":true}]}}