{"id":27006,"date":"2023-12-05T07:46:38","date_gmt":"2023-12-05T06:46:38","guid":{"rendered":"https:\/\/politologia.uwr.edu.pl\/candidates\/kolegium-nauk-o-polityce-i-administracji-w-szkole-doktorskiej-uwr\/"},"modified":"2024-01-13T19:11:44","modified_gmt":"2024-01-13T18:11:44","slug":"kolegium-nauk-o-polityce-i-administracji-w-szkole-doktorskiej-uwr","status":"publish","type":"page","link":"https:\/\/politologia.uwr.edu.pl\/en\/candidates\/kolegium-nauk-o-polityce-i-administracji-w-szkole-doktorskiej-uwr\/","title":{"rendered":"Doctoral College of Political Science and Administration"},"content":{"rendered":"\n<div class=\"wp-block-ugb-container ugb-container blok_nowa_podstrona ugb-8dda971 ugb-container--v2 ugb-container--design-plain ugb-main-block\"><div class=\"ugb-inner-block\"><div class=\"ugb-block-content\"><div class=\"ugb-container__wrapper ugb-8dda971-wrapper\"><div class=\"ugb-container__side\"><div class=\"ugb-container__content-wrapper ugb-8dda971-content-wrapper\">\n<div class=\"wp-block-columns bs-news-page is-layout-flex wp-block-columns-is-layout-flex\">\n<div class=\"wp-block-column bs-contact-right-column is-layout-flow wp-block-column-is-layout-flow\">\n<div class=\"wp-block-bonasoft-modular-breadcrumbs-block\"><div class=\"bs_add_breadcrumb_trail\"><\/div><\/div>\n\n\n\n<hr class=\"wp-block-separator has-text-color has-black-color has-css-opacity has-black-background-color has-background is-style-wide bs-border-kontakt\"\/>\n\n\n<h1 style=\"font-style:normal;font-weight:700;\" class=\"bs-naglowek-podstrony wp-block-post-title\">Doctoral College of Political Science and Administration<\/h1><\/div>\n\n\n\n<div class=\"wp-block-column bs-kontakt-photo is-layout-flow wp-block-column-is-layout-flow\">\n<figure class=\"wp-block-image size-large\"><img loading=\"lazy\" decoding=\"async\" width=\"1024\" height=\"576\" src=\"https:\/\/politologia.uwr.edu.pl\/wp-content\/uploads\/sites\/414\/2023\/12\/mediator2-1024x576.webp\" alt=\"elegancki m\u0119\u017cczyzna poprawia r\u0119kaw marynarki\" class=\"wp-image-25821\" srcset=\"https:\/\/politologia.uwr.edu.pl\/wp-content\/uploads\/sites\/414\/2023\/12\/mediator2-1024x576.webp 1024w, https:\/\/politologia.uwr.edu.pl\/wp-content\/uploads\/sites\/414\/2023\/12\/mediator2-300x169.webp 300w, https:\/\/politologia.uwr.edu.pl\/wp-content\/uploads\/sites\/414\/2023\/12\/mediator2-768x432.webp 768w, https:\/\/politologia.uwr.edu.pl\/wp-content\/uploads\/sites\/414\/2023\/12\/mediator2-1536x864.webp 1536w, https:\/\/politologia.uwr.edu.pl\/wp-content\/uploads\/sites\/414\/2023\/12\/mediator2-1320x743.webp 1320w, https:\/\/politologia.uwr.edu.pl\/wp-content\/uploads\/sites\/414\/2023\/12\/mediator2-24x14.webp 24w, https:\/\/politologia.uwr.edu.pl\/wp-content\/uploads\/sites\/414\/2023\/12\/mediator2-36x20.webp 36w, https:\/\/politologia.uwr.edu.pl\/wp-content\/uploads\/sites\/414\/2023\/12\/mediator2-48x27.webp 48w, https:\/\/politologia.uwr.edu.pl\/wp-content\/uploads\/sites\/414\/2023\/12\/mediator2.webp 1600w\" sizes=\"auto, (max-width: 1024px) 100vw, 1024px\" \/><\/figure>\n<\/div>\n<\/div>\n\n\n\n<p>Graduates of various master&#8217;s degree programmes interested in political science can continue their studies at the Faculty of Social Sciences in the College of Political Science and Administration (within the Doctoral School of the University of Wroc\u0142aw) and complete their studies by defending their doctoral thesis and obtaining the degree of Doctor of Social Sciences in Political Science and Administration.<\/p>\n\n\n<div class=\"bs__links\">\r\n    <div class=\"bs__links__section\">\r\n        <ul class=\"bs__links__list\">\r\n                            <li class=\"bs__links__list__item\">\r\n                    <a href=\"https:\/\/rekrutacja.uni.wroc.pl\/kierunek\/nauki-o-polityce-i-administracji\" class=\"bs__links__list__item__link\">\r\n                        Recruitment page: \r\n                        <div class=\"bs__links__list__item__link__before__icon\">\r\n                            <div class=\"bs__links__list__item__link__icon\">\r\n                                <svg width=\"40px\" height=\"40px\" viewBox=\"0 0 22 16\" version=\"1.1\">\r\n                                <g stroke=\"none\" strokeWidth=\"1\" fill=\"black\" fillRule=\"evenodd\">\r\n                                    <g>\r\n                                    <polygon points=\"13.4875 0 12 1.6215 18.7875 8 12 14.3795 13.4875 16 21.9995 8\" \/>\r\n                                    <\/g>\r\n                                <\/g>\r\n                                <\/svg>\r\n                            <\/div>\r\n                        <\/div>\r\n                    <\/a>\r\n                <li>\r\n                            <li class=\"bs__links__list__item\">\r\n                    <a href=\"https:\/\/uwr.edu.pl\/szkola-doktorska\/\" class=\"bs__links__list__item__link\">\r\n                        Doctoral School page: \r\n                        <div class=\"bs__links__list__item__link__before__icon\">\r\n                            <div class=\"bs__links__list__item__link__icon\">\r\n                                <svg width=\"40px\" height=\"40px\" viewBox=\"0 0 22 16\" version=\"1.1\">\r\n                                <g stroke=\"none\" strokeWidth=\"1\" fill=\"black\" fillRule=\"evenodd\">\r\n                                    <g>\r\n                                    <polygon points=\"13.4875 0 12 1.6215 18.7875 8 12 14.3795 13.4875 16 21.9995 8\" \/>\r\n                                    <\/g>\r\n                                <\/g>\r\n                                <\/svg>\r\n                            <\/div>\r\n                        <\/div>\r\n                    <\/a>\r\n                <li>\r\n                            <li class=\"bs__links__list__item\">\r\n                    <a href=\"https:\/\/wns.uwr.edu.pl\/en\/candidates\/doctoral-colleges-en\/doctoral-college-of-political-science-and-public-administration\/\" class=\"bs__links__list__item__link\">\r\n                        Doctoral College  page: \r\n                        <div class=\"bs__links__list__item__link__before__icon\">\r\n                            <div class=\"bs__links__list__item__link__icon\">\r\n                                <svg width=\"40px\" height=\"40px\" viewBox=\"0 0 22 16\" version=\"1.1\">\r\n                                <g stroke=\"none\" strokeWidth=\"1\" fill=\"black\" fillRule=\"evenodd\">\r\n                                    <g>\r\n                                    <polygon points=\"13.4875 0 12 1.6215 18.7875 8 12 14.3795 13.4875 16 21.9995 8\" \/>\r\n                                    <\/g>\r\n                                <\/g>\r\n                                <\/svg>\r\n                            <\/div>\r\n                        <\/div>\r\n                    <\/a>\r\n                <li>\r\n                    <\/ul>\r\n    <\/div>\r\n<\/div>\n\n\n<p><\/p>\n\n\n\n<p><\/p>\n\n\n\n<p><\/p>\n<\/div><\/div><\/div><\/div><\/div><\/div>\n","protected":false},"excerpt":{"rendered":"<p>Graduates of various master&#8217;s degree programmes interested in political science can continue their studies at the Faculty of Social Sciences in the College of Political Science and Administration (within the Doctoral School of the University of Wroc\u0142aw) and complete their studies by defending their doctoral thesis and obtaining the degree of Doctor of Social Sciences [&hellip;]<\/p>\n","protected":false},"author":2235,"featured_media":25824,"parent":24066,"menu_order":0,"comment_status":"closed","ping_status":"closed","template":"","meta":{"_acf_changed":false,"inline_featured_image":false,"site-sidebar-layout":"default","site-content-layout":"","ast-site-content-layout":"default","site-content-style":"default","site-sidebar-style":"default","ast-global-header-display":"","ast-banner-title-visibility":"","ast-main-header-display":"","ast-hfb-above-header-display":"","ast-hfb-below-header-display":"","ast-hfb-mobile-header-display":"","site-post-title":"","ast-breadcrumbs-content":"","ast-featured-img":"","footer-sml-layout":"","ast-disable-related-posts":"","theme-transparent-header-meta":"","adv-header-id-meta":"","stick-header-meta":"","header-above-stick-meta":"","header-main-stick-meta":"","header-below-stick-meta":"","astra-migrate-meta-layouts":"default","ast-page-background-enabled":"default","ast-page-background-meta":{"desktop":{"background-color":"","background-image":"","background-repeat":"repeat","background-position":"center center","background-size":"auto","background-attachment":"scroll","background-type":"","background-media":"","overlay-type":"","overlay-color":"","overlay-opacity":"","overlay-gradient":""},"tablet":{"background-color":"","background-image":"","background-repeat":"repeat","background-position":"center center","background-size":"auto","background-attachment":"scroll","background-type":"","background-media":"","overlay-type":"","overlay-color":"","overlay-opacity":"","overlay-gradient":""},"mobile":{"background-color":"","background-image":"","background-repeat":"repeat","background-position":"center center","background-size":"auto","background-attachment":"scroll","background-type":"","background-media":"","overlay-type":"","overlay-color":"","overlay-opacity":"","overlay-gradient":""}},"ast-content-background-meta":{"desktop":{"background-color":"var(--ast-global-color-5)","background-image":"","background-repeat":"repeat","background-position":"center center","background-size":"auto","background-attachment":"scroll","background-type":"","background-media":"","overlay-type":"","overlay-color":"","overlay-opacity":"","overlay-gradient":""},"tablet":{"background-color":"var(--ast-global-color-5)","background-image":"","background-repeat":"repeat","background-position":"center center","background-size":"auto","background-attachment":"scroll","background-type":"","background-media":"","overlay-type":"","overlay-color":"","overlay-opacity":"","overlay-gradient":""},"mobile":{"background-color":"var(--ast-global-color-5)","background-image":"","background-repeat":"repeat","background-position":"center center","background-size":"auto","background-attachment":"scroll","background-type":"","background-media":"","overlay-type":"","overlay-color":"","overlay-opacity":"","overlay-gradient":""}},"footnotes":""},"categories":[],"tags":[],"class_list":["post-27006","page","type-page","status-publish","has-post-thumbnail","hentry"],"featured_image_urls_v2":{"full":["https:\/\/politologia.uwr.edu.pl\/wp-content\/uploads\/sites\/414\/2023\/12\/mediator2.webp",1600,900,false],"thumbnail":["https:\/\/politologia.uwr.edu.pl\/wp-content\/uploads\/sites\/414\/2023\/12\/mediator2-150x150.webp",150,150,true],"medium":["https:\/\/politologia.uwr.edu.pl\/wp-content\/uploads\/sites\/414\/2023\/12\/mediator2-300x169.webp",300,169,true],"medium_large":["https:\/\/politologia.uwr.edu.pl\/wp-content\/uploads\/sites\/414\/2023\/12\/mediator2-768x432.webp",768,432,true],"large":["https:\/\/politologia.uwr.edu.pl\/wp-content\/uploads\/sites\/414\/2023\/12\/mediator2-1024x576.webp",1024,576,true],"1536x1536":["https:\/\/politologia.uwr.edu.pl\/wp-content\/uploads\/sites\/414\/2023\/12\/mediator2-1536x864.webp",1536,864,true],"2048x2048":["https:\/\/politologia.uwr.edu.pl\/wp-content\/uploads\/sites\/414\/2023\/12\/mediator2.webp",1600,900,false],"menu-24x24":["https:\/\/politologia.uwr.edu.pl\/wp-content\/uploads\/sites\/414\/2023\/12\/mediator2-24x14.webp",24,14,true],"menu-36x36":["https:\/\/politologia.uwr.edu.pl\/wp-content\/uploads\/sites\/414\/2023\/12\/mediator2-36x20.webp",36,20,true],"menu-48x48":["https:\/\/politologia.uwr.edu.pl\/wp-content\/uploads\/sites\/414\/2023\/12\/mediator2-48x27.webp",48,27,true]},"post_excerpt_stackable_v2":"<p>Doctoral College of Political Science and Administration Graduates of various master&#8217;s degree programmes interested in political science can continue their studies at the Faculty of Social Sciences in the College of Political Science and Administration (within the Doctoral School of the University of Wroc\u0142aw) and complete their studies by defending their doctoral thesis and obtaining the degree of Doctor of Social Sciences in Political Science and Administration. Recruitment page: Doctoral School page: Doctoral College page:<\/p>\n","category_list_v2":"Uncategorized","author_info_v2":{"name":"kzalaskaminska","url":"https:\/\/politologia.uwr.edu.pl\/en\/author\/kzalaskaminska\/"},"comments_num_v2":"0 comments","acf":[],"yoast_head":"<!-- This site is optimized with the Yoast SEO plugin v27.1.1 - https:\/\/yoast.com\/product\/yoast-seo-wordpress\/ -->\n<title>Doctoral College of Political Science and Administration - The Institute of Political Science<\/title>\n<meta name=\"robots\" content=\"index, follow, max-snippet:-1, max-image-preview:large, max-video-preview:-1\" \/>\n<link rel=\"canonical\" href=\"https:\/\/politologia.uwr.edu.pl\/en\/candidates\/kolegium-nauk-o-polityce-i-administracji-w-szkole-doktorskiej-uwr\/\" \/>\n<meta property=\"og:locale\" content=\"en_US\" \/>\n<meta property=\"og:type\" content=\"article\" \/>\n<meta property=\"og:title\" content=\"Doctoral College of Political Science and Administration - The Institute of Political Science\" \/>\n<meta property=\"og:description\" content=\"Graduates of various master&#8217;s degree programmes interested in political science can continue their studies at the Faculty of Social Sciences in the College of Political Science and Administration (within the Doctoral School of the University of Wroc\u0142aw) and complete their studies by defending their doctoral thesis and obtaining the degree of Doctor of Social Sciences [&hellip;]\" \/>\n<meta property=\"og:url\" content=\"https:\/\/politologia.uwr.edu.pl\/en\/candidates\/kolegium-nauk-o-polityce-i-administracji-w-szkole-doktorskiej-uwr\/\" \/>\n<meta property=\"og:site_name\" content=\"The Institute of Political Science\" \/>\n<meta property=\"article:modified_time\" content=\"2024-01-13T18:11:44+00:00\" \/>\n<meta property=\"og:image\" content=\"https:\/\/politologia.uwr.edu.pl\/wp-content\/uploads\/sites\/414\/2023\/12\/mediator2.webp\" \/>\n\t<meta property=\"og:image:width\" content=\"1600\" \/>\n\t<meta property=\"og:image:height\" content=\"900\" \/>\n\t<meta property=\"og:image:type\" content=\"image\/webp\" \/>\n<meta name=\"twitter:card\" content=\"summary_large_image\" \/>\n<meta name=\"twitter:label1\" content=\"Est. reading time\" \/>\n\t<meta name=\"twitter:data1\" content=\"1 minute\" \/>\n<script type=\"application\/ld+json\" class=\"yoast-schema-graph\">{\"@context\":\"https:\/\/schema.org\",\"@graph\":[{\"@type\":\"WebPage\",\"@id\":\"https:\/\/politologia.uwr.edu.pl\/en\/candidates\/kolegium-nauk-o-polityce-i-administracji-w-szkole-doktorskiej-uwr\/\",\"url\":\"https:\/\/politologia.uwr.edu.pl\/en\/candidates\/kolegium-nauk-o-polityce-i-administracji-w-szkole-doktorskiej-uwr\/\",\"name\":\"Doctoral College of Political Science and Administration - The Institute of Political Science\",\"isPartOf\":{\"@id\":\"https:\/\/politologia.uwr.edu.pl\/#website\"},\"primaryImageOfPage\":{\"@id\":\"https:\/\/politologia.uwr.edu.pl\/en\/candidates\/kolegium-nauk-o-polityce-i-administracji-w-szkole-doktorskiej-uwr\/#primaryimage\"},\"image\":{\"@id\":\"https:\/\/politologia.uwr.edu.pl\/en\/candidates\/kolegium-nauk-o-polityce-i-administracji-w-szkole-doktorskiej-uwr\/#primaryimage\"},\"thumbnailUrl\":\"https:\/\/politologia.uwr.edu.pl\/wp-content\/uploads\/sites\/414\/2023\/12\/mediator2.webp\",\"datePublished\":\"2023-12-05T06:46:38+00:00\",\"dateModified\":\"2024-01-13T18:11:44+00:00\",\"breadcrumb\":{\"@id\":\"https:\/\/politologia.uwr.edu.pl\/en\/candidates\/kolegium-nauk-o-polityce-i-administracji-w-szkole-doktorskiej-uwr\/#breadcrumb\"},\"inLanguage\":\"en-US\",\"potentialAction\":[{\"@type\":\"ReadAction\",\"target\":[\"https:\/\/politologia.uwr.edu.pl\/en\/candidates\/kolegium-nauk-o-polityce-i-administracji-w-szkole-doktorskiej-uwr\/\"]}]},{\"@type\":\"ImageObject\",\"inLanguage\":\"en-US\",\"@id\":\"https:\/\/politologia.uwr.edu.pl\/en\/candidates\/kolegium-nauk-o-polityce-i-administracji-w-szkole-doktorskiej-uwr\/#primaryimage\",\"url\":\"https:\/\/politologia.uwr.edu.pl\/wp-content\/uploads\/sites\/414\/2023\/12\/mediator2.webp\",\"contentUrl\":\"https:\/\/politologia.uwr.edu.pl\/wp-content\/uploads\/sites\/414\/2023\/12\/mediator2.webp\",\"width\":1600,\"height\":900,\"caption\":\"elegancki m\u0119\u017cczyzna poprawia r\u0119kaw marynarki\"},{\"@type\":\"BreadcrumbList\",\"@id\":\"https:\/\/politologia.uwr.edu.pl\/en\/candidates\/kolegium-nauk-o-polityce-i-administracji-w-szkole-doktorskiej-uwr\/#breadcrumb\",\"itemListElement\":[{\"@type\":\"ListItem\",\"position\":1,\"name\":\"Strona g\u0142\u00f3wna\",\"item\":\"https:\/\/politologia.uwr.edu.pl\/en\/\"},{\"@type\":\"ListItem\",\"position\":2,\"name\":\"Candidates\",\"item\":\"https:\/\/politologia.uwr.edu.pl\/en\/candidates\/\"},{\"@type\":\"ListItem\",\"position\":3,\"name\":\"Doctoral College of Political Science and Administration\"}]},{\"@type\":\"WebSite\",\"@id\":\"https:\/\/politologia.uwr.edu.pl\/#website\",\"url\":\"https:\/\/politologia.uwr.edu.pl\/\",\"name\":\"The Institute of Political Science\",\"description\":\"Kolejna witryna sieci \u201eUWR Witryny\u201d\",\"publisher\":{\"@id\":\"https:\/\/politologia.uwr.edu.pl\/#organization\"},\"potentialAction\":[{\"@type\":\"SearchAction\",\"target\":{\"@type\":\"EntryPoint\",\"urlTemplate\":\"https:\/\/politologia.uwr.edu.pl\/?s={search_term_string}\"},\"query-input\":{\"@type\":\"PropertyValueSpecification\",\"valueRequired\":true,\"valueName\":\"search_term_string\"}}],\"inLanguage\":\"en-US\"},{\"@type\":\"Organization\",\"@id\":\"https:\/\/politologia.uwr.edu.pl\/#organization\",\"name\":\"The Institute of Political Science\",\"url\":\"https:\/\/politologia.uwr.edu.pl\/\",\"logo\":{\"@type\":\"ImageObject\",\"inLanguage\":\"en-US\",\"@id\":\"https:\/\/politologia.uwr.edu.pl\/#\/schema\/logo\/image\/\",\"url\":\"https:\/\/politologia.uwr.edu.pl\/wp-content\/uploads\/sites\/414\/2025\/10\/UWr-logotyp-2025.png\",\"contentUrl\":\"https:\/\/politologia.uwr.edu.pl\/wp-content\/uploads\/sites\/414\/2025\/10\/UWr-logotyp-2025.png\",\"width\":764,\"height\":269,\"caption\":\"The Institute of Political Science\"},\"image\":{\"@id\":\"https:\/\/politologia.uwr.edu.pl\/#\/schema\/logo\/image\/\"}}]}<\/script>\n<!-- \/ Yoast SEO plugin. -->","yoast_head_json":{"title":"Doctoral College of Political Science and Administration - The Institute of Political Science","robots":{"index":"index","follow":"follow","max-snippet":"max-snippet:-1","max-image-preview":"max-image-preview:large","max-video-preview":"max-video-preview:-1"},"canonical":"https:\/\/politologia.uwr.edu.pl\/en\/candidates\/kolegium-nauk-o-polityce-i-administracji-w-szkole-doktorskiej-uwr\/","og_locale":"en_US","og_type":"article","og_title":"Doctoral College of Political Science and Administration - The Institute of Political Science","og_description":"Graduates of various master&#8217;s degree programmes interested in political science can continue their studies at the Faculty of Social Sciences in the College of Political Science and Administration (within the Doctoral School of the University of Wroc\u0142aw) and complete their studies by defending their doctoral thesis and obtaining the degree of Doctor of Social Sciences [&hellip;]","og_url":"https:\/\/politologia.uwr.edu.pl\/en\/candidates\/kolegium-nauk-o-polityce-i-administracji-w-szkole-doktorskiej-uwr\/","og_site_name":"The Institute of Political Science","article_modified_time":"2024-01-13T18:11:44+00:00","og_image":[{"width":1600,"height":900,"url":"https:\/\/politologia.uwr.edu.pl\/wp-content\/uploads\/sites\/414\/2023\/12\/mediator2.webp","type":"image\/webp"}],"twitter_card":"summary_large_image","twitter_misc":{"Est. reading time":"1 minute"},"schema":{"@context":"https:\/\/schema.org","@graph":[{"@type":"WebPage","@id":"https:\/\/politologia.uwr.edu.pl\/en\/candidates\/kolegium-nauk-o-polityce-i-administracji-w-szkole-doktorskiej-uwr\/","url":"https:\/\/politologia.uwr.edu.pl\/en\/candidates\/kolegium-nauk-o-polityce-i-administracji-w-szkole-doktorskiej-uwr\/","name":"Doctoral College of Political Science and Administration - The Institute of Political Science","isPartOf":{"@id":"https:\/\/politologia.uwr.edu.pl\/#website"},"primaryImageOfPage":{"@id":"https:\/\/politologia.uwr.edu.pl\/en\/candidates\/kolegium-nauk-o-polityce-i-administracji-w-szkole-doktorskiej-uwr\/#primaryimage"},"image":{"@id":"https:\/\/politologia.uwr.edu.pl\/en\/candidates\/kolegium-nauk-o-polityce-i-administracji-w-szkole-doktorskiej-uwr\/#primaryimage"},"thumbnailUrl":"https:\/\/politologia.uwr.edu.pl\/wp-content\/uploads\/sites\/414\/2023\/12\/mediator2.webp","datePublished":"2023-12-05T06:46:38+00:00","dateModified":"2024-01-13T18:11:44+00:00","breadcrumb":{"@id":"https:\/\/politologia.uwr.edu.pl\/en\/candidates\/kolegium-nauk-o-polityce-i-administracji-w-szkole-doktorskiej-uwr\/#breadcrumb"},"inLanguage":"en-US","potentialAction":[{"@type":"ReadAction","target":["https:\/\/politologia.uwr.edu.pl\/en\/candidates\/kolegium-nauk-o-polityce-i-administracji-w-szkole-doktorskiej-uwr\/"]}]},{"@type":"ImageObject","inLanguage":"en-US","@id":"https:\/\/politologia.uwr.edu.pl\/en\/candidates\/kolegium-nauk-o-polityce-i-administracji-w-szkole-doktorskiej-uwr\/#primaryimage","url":"https:\/\/politologia.uwr.edu.pl\/wp-content\/uploads\/sites\/414\/2023\/12\/mediator2.webp","contentUrl":"https:\/\/politologia.uwr.edu.pl\/wp-content\/uploads\/sites\/414\/2023\/12\/mediator2.webp","width":1600,"height":900,"caption":"elegancki m\u0119\u017cczyzna poprawia r\u0119kaw marynarki"},{"@type":"BreadcrumbList","@id":"https:\/\/politologia.uwr.edu.pl\/en\/candidates\/kolegium-nauk-o-polityce-i-administracji-w-szkole-doktorskiej-uwr\/#breadcrumb","itemListElement":[{"@type":"ListItem","position":1,"name":"Strona g\u0142\u00f3wna","item":"https:\/\/politologia.uwr.edu.pl\/en\/"},{"@type":"ListItem","position":2,"name":"Candidates","item":"https:\/\/politologia.uwr.edu.pl\/en\/candidates\/"},{"@type":"ListItem","position":3,"name":"Doctoral College of Political Science and Administration"}]},{"@type":"WebSite","@id":"https:\/\/politologia.uwr.edu.pl\/#website","url":"https:\/\/politologia.uwr.edu.pl\/","name":"The Institute of Political Science","description":"Kolejna witryna sieci \u201eUWR Witryny\u201d","publisher":{"@id":"https:\/\/politologia.uwr.edu.pl\/#organization"},"potentialAction":[{"@type":"SearchAction","target":{"@type":"EntryPoint","urlTemplate":"https:\/\/politologia.uwr.edu.pl\/?s={search_term_string}"},"query-input":{"@type":"PropertyValueSpecification","valueRequired":true,"valueName":"search_term_string"}}],"inLanguage":"en-US"},{"@type":"Organization","@id":"https:\/\/politologia.uwr.edu.pl\/#organization","name":"The Institute of Political Science","url":"https:\/\/politologia.uwr.edu.pl\/","logo":{"@type":"ImageObject","inLanguage":"en-US","@id":"https:\/\/politologia.uwr.edu.pl\/#\/schema\/logo\/image\/","url":"https:\/\/politologia.uwr.edu.pl\/wp-content\/uploads\/sites\/414\/2025\/10\/UWr-logotyp-2025.png","contentUrl":"https:\/\/politologia.uwr.edu.pl\/wp-content\/uploads\/sites\/414\/2025\/10\/UWr-logotyp-2025.png","width":764,"height":269,"caption":"The Institute of Political Science"},"image":{"@id":"https:\/\/politologia.uwr.edu.pl\/#\/schema\/logo\/image\/"}}]}},"publishpress_future_action":{"enabled":false,"date":"2026-04-28 18:05:56","action":"change-status","newStatus":"draft","terms":[],"taxonomy":"category","extraData":[]},"publishpress_future_workflow_manual_trigger":{"enabledWorkflows":[]},"_links":{"self":[{"href":"https:\/\/politologia.uwr.edu.pl\/en\/wp-json\/wp\/v2\/pages\/27006\/"}],"collection":[{"href":"https:\/\/politologia.uwr.edu.pl\/en\/wp-json\/wp\/v2\/pages\/"}],"about":[{"href":"https:\/\/politologia.uwr.edu.pl\/en\/wp-json\/wp\/v2\/types\/page\/"}],"author":[{"embeddable":true,"href":"https:\/\/politologia.uwr.edu.pl\/en\/wp-json\/wp\/v2\/users\/2235\/"}],"replies":[{"embeddable":true,"href":"https:\/\/politologia.uwr.edu.pl\/en\/wp-json\/wp\/v2\/comments\/?post=27006"}],"version-history":[{"count":3,"href":"https:\/\/politologia.uwr.edu.pl\/en\/wp-json\/wp\/v2\/pages\/27006\/revisions\/"}],"predecessor-version":[{"id":27021,"href":"https:\/\/politologia.uwr.edu.pl\/en\/wp-json\/wp\/v2\/pages\/27006\/revisions\/27021\/"}],"up":[{"embeddable":true,"href":"https:\/\/politologia.uwr.edu.pl\/en\/wp-json\/wp\/v2\/pages\/24066\/"}],"wp:featuredmedia":[{"embeddable":true,"href":"https:\/\/politologia.uwr.edu.pl\/en\/wp-json\/wp\/v2\/media\/25824\/"}],"wp:attachment":[{"href":"https:\/\/politologia.uwr.edu.pl\/en\/wp-json\/wp\/v2\/media\/?parent=27006"}],"wp:term":[{"taxonomy":"category","embeddable":true,"href":"https:\/\/politologia.uwr.edu.pl\/en\/wp-json\/wp\/v2\/categories\/?post=27006"},{"taxonomy":"post_tag","embeddable":true,"href":"https:\/\/politologia.uwr.edu.pl\/en\/wp-json\/wp\/v2\/tags\/?post=27006"}],"curies":[{"name":"wp","href":"https:\/\/api.w.org\/{rel}","templated":true}]}}