{"id":26670,"date":"2023-06-23T11:55:48","date_gmt":"2023-06-23T09:55:48","guid":{"rendered":"https:\/\/politologia.uwr.edu.pl\/institute\/wladze-instytutu\/"},"modified":"2025-11-07T08:57:10","modified_gmt":"2025-11-07T07:57:10","slug":"wladze-instytutu","status":"publish","type":"page","link":"https:\/\/politologia.uwr.edu.pl\/en\/institute\/wladze-instytutu\/","title":{"rendered":"Authorities of the Institute of Political Science"},"content":{"rendered":"\n<div class=\"wp-block-ugb-container ugb-container blok_nowa_podstrona ugb-8dda971 ugb-container--v2 ugb-container--design-plain ugb-main-block\"><div class=\"ugb-inner-block\"><div class=\"ugb-block-content\"><div class=\"ugb-container__wrapper ugb-8dda971-wrapper\"><div class=\"ugb-container__side\"><div class=\"ugb-container__content-wrapper ugb-8dda971-content-wrapper\">\n<div class=\"wp-block-columns bs-news-page is-layout-flex wp-block-columns-is-layout-flex\">\n<div class=\"wp-block-column bs-contact-right-column is-layout-flow wp-block-column-is-layout-flow\">\n<div class=\"wp-block-bonasoft-modular-breadcrumbs-block\"><div class=\"bs_add_breadcrumb_trail\"><\/div><\/div>\n\n\n\n<hr class=\"wp-block-separator has-text-color has-black-color has-css-opacity has-black-background-color has-background is-style-wide bs-border-kontakt\"\/>\n\n\n<h1 style=\"font-style:normal;font-weight:700;\" class=\"bs-naglowek-podstrony wp-block-post-title\">Authorities of the Institute of Political Science<\/h1>\n\n\n<p><strong>Director: <\/strong>dr hab. Dorota Moro\u0144, prof. UWr<\/p>\n\n\n\n<p>e-mail: <a href=\"mailto:dariusz.skrzypinski@uwr.edu.pl\">dorota.moron@uwr.edu.pl<\/a><\/p>\n\n\n\n<p>Secretariat: room 121, tel. 71 375 50 62<\/p>\n\n\n\n<p><strong>Deputy Director for Education: <\/strong>dr Ma\u0142gorzata Madej<\/p>\n\n\n\n<p>e-mail: <a href=\"mailto:dorota.moron@uwr.edu.pl\">malgorzata.madej@uwr.edu.pl<\/a><\/p>\n\n\n\n<p>Didactic secretariat: room 107\/107c, tel. 71 326 10 05, 71 374 50 59<\/p>\n\n\n\n<p><strong>Deputy Director for Research and Development: <\/strong>dr hab. Kamil Glinka<\/p>\n\n\n\n<p>e-mail: <a href=\"mailto:piotr.sula@uwr.edu.pl\">kamil.glinka@uwr.edu.pl<\/a>, room 107d<\/p>\n\n\n\n<p><strong>Deputy Director for International Cooperation and Promotion:<\/strong> dr hab. Katarzyna Zalas-Kami\u0144ska<\/p>\n\n\n\n<p>e-mail: <a href=\"mailto:dariusz.skrzypinski@uwr.edu.pl\">katarzyna.zalas-kaminska@uwr.edu.pl<\/a>, room 107d<\/p>\n\n\n\n<p><strong>Coordinator for training (studies in English): <\/strong>dr Wojciech Ufel<\/p>\n\n\n\n<p>e-mail: <a href=\"mailto:maciej.herbut@uwr.edu.pl\">wojciech.ufel@uwr.edu.pl<\/a>, room 231<\/p>\n\n\n\n<p><strong>Erasmus+ coordinator (outgoings): <\/strong>dr Karol Chwedczuk-Szulc<\/p>\n\n\n\n<p>e-mail: <a href=\"mailto:karol.chwedczuk-szulc@uwr.edu.pl\">karol.chwedczuk-szulc@uwr.edu.pl<\/a>, room 209<\/p>\n\n\n\n<p><strong>Erasmus+ coordinator (incomings):<\/strong> dr Tomasz Klin<\/p>\n\n\n\n<p>e-mail: <a href=\"mailto:tomasz.klin@uwr.edu.pl\">tomasz.klin@uwr.edu.pl<\/a>, room 309<\/p>\n<\/div>\n\n\n\n<div class=\"wp-block-column bs-kontakt-photo is-layout-flow wp-block-column-is-layout-flow\">\n<figure class=\"wp-block-image size-large\"><img loading=\"lazy\" decoding=\"async\" width=\"1024\" height=\"683\" src=\"https:\/\/politologia.uwr.edu.pl\/wp-content\/uploads\/sites\/414\/2024\/09\/obraz-1-1024x683.jpg\" alt=\"dyrekcja IPoL\" class=\"wp-image-29993\" srcset=\"https:\/\/politologia.uwr.edu.pl\/wp-content\/uploads\/sites\/414\/2024\/09\/obraz-1-1024x683.jpg 1024w, https:\/\/politologia.uwr.edu.pl\/wp-content\/uploads\/sites\/414\/2024\/09\/obraz-1-300x200.jpg 300w, https:\/\/politologia.uwr.edu.pl\/wp-content\/uploads\/sites\/414\/2024\/09\/obraz-1-768x512.jpg 768w, https:\/\/politologia.uwr.edu.pl\/wp-content\/uploads\/sites\/414\/2024\/09\/obraz-1-1536x1024.jpg 1536w, https:\/\/politologia.uwr.edu.pl\/wp-content\/uploads\/sites\/414\/2024\/09\/obraz-1-1320x880.jpg 1320w, https:\/\/politologia.uwr.edu.pl\/wp-content\/uploads\/sites\/414\/2024\/09\/obraz-1-24x16.jpg 24w, https:\/\/politologia.uwr.edu.pl\/wp-content\/uploads\/sites\/414\/2024\/09\/obraz-1-36x24.jpg 36w, https:\/\/politologia.uwr.edu.pl\/wp-content\/uploads\/sites\/414\/2024\/09\/obraz-1-48x32.jpg 48w, https:\/\/politologia.uwr.edu.pl\/wp-content\/uploads\/sites\/414\/2024\/09\/obraz-1.jpg 1600w\" sizes=\"auto, (max-width: 1024px) 100vw, 1024px\" \/><\/figure>\n\n\n\n<p>(In the photo from left:) Kamil Glinka, Katarzyna Zalas-Kami\u0144ska, Dorota Moro\u0144, Ma\u0142gorzata Madej<\/p>\n\n\n\n<p>Photo by: Pawe\u0142 Piotrowski\/UWr<\/p>\n<\/div>\n<\/div>\n<\/div><\/div><\/div><\/div><\/div><\/div>\n","protected":false},"excerpt":{"rendered":"<p>Director: dr hab. Dorota Moro\u0144, prof. UWr e-mail: dorota.moron@uwr.edu.pl Secretariat: room 121, tel. 71 375 50 62 Deputy Director for Education: dr Ma\u0142gorzata Madej e-mail: malgorzata.madej@uwr.edu.pl Didactic secretariat: room 107\/107c, tel. 71 326 10 05, 71 374 50 59 Deputy Director for Research and Development: dr hab. Kamil Glinka e-mail: kamil.glinka@uwr.edu.pl, room 107d Deputy Director [&hellip;]<\/p>\n","protected":false},"author":2235,"featured_media":29993,"parent":24024,"menu_order":0,"comment_status":"closed","ping_status":"closed","template":"","meta":{"_acf_changed":false,"inline_featured_image":false,"site-sidebar-layout":"default","site-content-layout":"","ast-site-content-layout":"default","site-content-style":"default","site-sidebar-style":"default","ast-global-header-display":"","ast-banner-title-visibility":"","ast-main-header-display":"","ast-hfb-above-header-display":"","ast-hfb-below-header-display":"","ast-hfb-mobile-header-display":"","site-post-title":"","ast-breadcrumbs-content":"","ast-featured-img":"","footer-sml-layout":"","ast-disable-related-posts":"","theme-transparent-header-meta":"","adv-header-id-meta":"","stick-header-meta":"","header-above-stick-meta":"","header-main-stick-meta":"","header-below-stick-meta":"","astra-migrate-meta-layouts":"set","ast-page-background-enabled":"default","ast-page-background-meta":{"desktop":{"background-color":"","background-image":"","background-repeat":"repeat","background-position":"center center","background-size":"auto","background-attachment":"scroll","background-type":"","background-media":"","overlay-type":"","overlay-color":"","overlay-opacity":"","overlay-gradient":""},"tablet":{"background-color":"","background-image":"","background-repeat":"repeat","background-position":"center center","background-size":"auto","background-attachment":"scroll","background-type":"","background-media":"","overlay-type":"","overlay-color":"","overlay-opacity":"","overlay-gradient":""},"mobile":{"background-color":"","background-image":"","background-repeat":"repeat","background-position":"center center","background-size":"auto","background-attachment":"scroll","background-type":"","background-media":"","overlay-type":"","overlay-color":"","overlay-opacity":"","overlay-gradient":""}},"ast-content-background-meta":{"desktop":{"background-color":"var(--ast-global-color-5)","background-image":"","background-repeat":"repeat","background-position":"center center","background-size":"auto","background-attachment":"scroll","background-type":"","background-media":"","overlay-type":"","overlay-color":"","overlay-opacity":"","overlay-gradient":""},"tablet":{"background-color":"var(--ast-global-color-5)","background-image":"","background-repeat":"repeat","background-position":"center center","background-size":"auto","background-attachment":"scroll","background-type":"","background-media":"","overlay-type":"","overlay-color":"","overlay-opacity":"","overlay-gradient":""},"mobile":{"background-color":"var(--ast-global-color-5)","background-image":"","background-repeat":"repeat","background-position":"center center","background-size":"auto","background-attachment":"scroll","background-type":"","background-media":"","overlay-type":"","overlay-color":"","overlay-opacity":"","overlay-gradient":""}},"footnotes":""},"categories":[],"tags":[],"class_list":["post-26670","page","type-page","status-publish","has-post-thumbnail","hentry"],"featured_image_urls_v2":{"full":["https:\/\/politologia.uwr.edu.pl\/wp-content\/uploads\/sites\/414\/2024\/09\/obraz-1.jpg",1600,1067,false],"thumbnail":["https:\/\/politologia.uwr.edu.pl\/wp-content\/uploads\/sites\/414\/2024\/09\/obraz-1-150x150.jpg",150,150,true],"medium":["https:\/\/politologia.uwr.edu.pl\/wp-content\/uploads\/sites\/414\/2024\/09\/obraz-1-300x200.jpg",300,200,true],"medium_large":["https:\/\/politologia.uwr.edu.pl\/wp-content\/uploads\/sites\/414\/2024\/09\/obraz-1-768x512.jpg",768,512,true],"large":["https:\/\/politologia.uwr.edu.pl\/wp-content\/uploads\/sites\/414\/2024\/09\/obraz-1-1024x683.jpg",1024,683,true],"1536x1536":["https:\/\/politologia.uwr.edu.pl\/wp-content\/uploads\/sites\/414\/2024\/09\/obraz-1-1536x1024.jpg",1536,1024,true],"2048x2048":["https:\/\/politologia.uwr.edu.pl\/wp-content\/uploads\/sites\/414\/2024\/09\/obraz-1.jpg",1600,1067,false],"menu-24x24":["https:\/\/politologia.uwr.edu.pl\/wp-content\/uploads\/sites\/414\/2024\/09\/obraz-1-24x16.jpg",24,16,true],"menu-36x36":["https:\/\/politologia.uwr.edu.pl\/wp-content\/uploads\/sites\/414\/2024\/09\/obraz-1-36x24.jpg",36,24,true],"menu-48x48":["https:\/\/politologia.uwr.edu.pl\/wp-content\/uploads\/sites\/414\/2024\/09\/obraz-1-48x32.jpg",48,32,true]},"post_excerpt_stackable_v2":"<p>Authorities of the Institute of Political Science Director: dr hab. Dorota Moro\u0144, prof. UWr e-mail: dorota.moron@uwr.edu.pl Secretariat: room 121, tel. 71 375 50 62 Deputy Director for Education: dr Ma\u0142gorzata Madej e-mail: malgorzata.madej@uwr.edu.pl Didactic secretariat: room 107\/107c, tel. 71 326 10 05, 71 374 50 59 Deputy Director for Research and Development: dr hab. Kamil Glinka e-mail: kamil.glinka@uwr.edu.pl, room 107d Deputy Director for International Cooperation and Promotion: dr hab. Katarzyna Zalas-Kami\u0144ska e-mail: katarzyna.zalas-kaminska@uwr.edu.pl, room 107d Coordinator for training (studies in English): dr Wojciech Ufel e-mail: wojciech.ufel@uwr.edu.pl, room 231 Erasmus+ coordinator (outgoings): dr Karol Chwedczuk-Szulc e-mail: karol.chwedczuk-szulc@uwr.edu.pl, room 209 Erasmus+ coordinator&hellip;<\/p>\n","category_list_v2":"Uncategorized","author_info_v2":{"name":"kzalaskaminska","url":"https:\/\/politologia.uwr.edu.pl\/en\/author\/kzalaskaminska\/"},"comments_num_v2":"0 comments","acf":[],"yoast_head":"<!-- This site is optimized with the Yoast SEO plugin v27.1.1 - https:\/\/yoast.com\/product\/yoast-seo-wordpress\/ -->\n<title>Authorities of the Institute of Political Science - The Institute of Political Science<\/title>\n<meta name=\"robots\" content=\"index, follow, max-snippet:-1, max-image-preview:large, max-video-preview:-1\" \/>\n<link rel=\"canonical\" href=\"https:\/\/politologia.uwr.edu.pl\/en\/institute\/wladze-instytutu\/\" \/>\n<meta property=\"og:locale\" content=\"en_US\" \/>\n<meta property=\"og:type\" content=\"article\" \/>\n<meta property=\"og:title\" content=\"Authorities of the Institute of Political Science - The Institute of Political Science\" \/>\n<meta property=\"og:description\" content=\"Director: dr hab. Dorota Moro\u0144, prof. UWr e-mail: dorota.moron@uwr.edu.pl Secretariat: room 121, tel. 71 375 50 62 Deputy Director for Education: dr Ma\u0142gorzata Madej e-mail: malgorzata.madej@uwr.edu.pl Didactic secretariat: room 107\/107c, tel. 71 326 10 05, 71 374 50 59 Deputy Director for Research and Development: dr hab. Kamil Glinka e-mail: kamil.glinka@uwr.edu.pl, room 107d Deputy Director [&hellip;]\" \/>\n<meta property=\"og:url\" content=\"https:\/\/politologia.uwr.edu.pl\/en\/institute\/wladze-instytutu\/\" \/>\n<meta property=\"og:site_name\" content=\"The Institute of Political Science\" \/>\n<meta property=\"article:modified_time\" content=\"2025-11-07T07:57:10+00:00\" \/>\n<meta property=\"og:image\" content=\"https:\/\/politologia.uwr.edu.pl\/wp-content\/uploads\/sites\/414\/2024\/09\/obraz-1.jpg\" \/>\n\t<meta property=\"og:image:width\" content=\"1600\" \/>\n\t<meta property=\"og:image:height\" content=\"1067\" \/>\n\t<meta property=\"og:image:type\" content=\"image\/jpeg\" \/>\n<meta name=\"twitter:card\" content=\"summary_large_image\" \/>\n<meta name=\"twitter:label1\" content=\"Est. reading time\" \/>\n\t<meta name=\"twitter:data1\" content=\"2 minutes\" \/>\n<script type=\"application\/ld+json\" class=\"yoast-schema-graph\">{\"@context\":\"https:\/\/schema.org\",\"@graph\":[{\"@type\":\"WebPage\",\"@id\":\"https:\/\/politologia.uwr.edu.pl\/en\/institute\/wladze-instytutu\/\",\"url\":\"https:\/\/politologia.uwr.edu.pl\/en\/institute\/wladze-instytutu\/\",\"name\":\"Authorities of the Institute of Political Science - The Institute of Political Science\",\"isPartOf\":{\"@id\":\"https:\/\/politologia.uwr.edu.pl\/#website\"},\"primaryImageOfPage\":{\"@id\":\"https:\/\/politologia.uwr.edu.pl\/en\/institute\/wladze-instytutu\/#primaryimage\"},\"image\":{\"@id\":\"https:\/\/politologia.uwr.edu.pl\/en\/institute\/wladze-instytutu\/#primaryimage\"},\"thumbnailUrl\":\"https:\/\/politologia.uwr.edu.pl\/wp-content\/uploads\/sites\/414\/2024\/09\/obraz-1.jpg\",\"datePublished\":\"2023-06-23T09:55:48+00:00\",\"dateModified\":\"2025-11-07T07:57:10+00:00\",\"breadcrumb\":{\"@id\":\"https:\/\/politologia.uwr.edu.pl\/en\/institute\/wladze-instytutu\/#breadcrumb\"},\"inLanguage\":\"en-US\",\"potentialAction\":[{\"@type\":\"ReadAction\",\"target\":[\"https:\/\/politologia.uwr.edu.pl\/en\/institute\/wladze-instytutu\/\"]}]},{\"@type\":\"ImageObject\",\"inLanguage\":\"en-US\",\"@id\":\"https:\/\/politologia.uwr.edu.pl\/en\/institute\/wladze-instytutu\/#primaryimage\",\"url\":\"https:\/\/politologia.uwr.edu.pl\/wp-content\/uploads\/sites\/414\/2024\/09\/obraz-1.jpg\",\"contentUrl\":\"https:\/\/politologia.uwr.edu.pl\/wp-content\/uploads\/sites\/414\/2024\/09\/obraz-1.jpg\",\"width\":1600,\"height\":1067,\"caption\":\"dyrekcja IPoL\"},{\"@type\":\"BreadcrumbList\",\"@id\":\"https:\/\/politologia.uwr.edu.pl\/en\/institute\/wladze-instytutu\/#breadcrumb\",\"itemListElement\":[{\"@type\":\"ListItem\",\"position\":1,\"name\":\"Strona g\u0142\u00f3wna\",\"item\":\"https:\/\/politologia.uwr.edu.pl\/en\/\"},{\"@type\":\"ListItem\",\"position\":2,\"name\":\"Institute\",\"item\":\"https:\/\/politologia.uwr.edu.pl\/en\/institute\/\"},{\"@type\":\"ListItem\",\"position\":3,\"name\":\"Authorities of the Institute of Political Science\"}]},{\"@type\":\"WebSite\",\"@id\":\"https:\/\/politologia.uwr.edu.pl\/#website\",\"url\":\"https:\/\/politologia.uwr.edu.pl\/\",\"name\":\"The Institute of Political Science\",\"description\":\"Kolejna witryna sieci \u201eUWR Witryny\u201d\",\"publisher\":{\"@id\":\"https:\/\/politologia.uwr.edu.pl\/#organization\"},\"potentialAction\":[{\"@type\":\"SearchAction\",\"target\":{\"@type\":\"EntryPoint\",\"urlTemplate\":\"https:\/\/politologia.uwr.edu.pl\/?s={search_term_string}\"},\"query-input\":{\"@type\":\"PropertyValueSpecification\",\"valueRequired\":true,\"valueName\":\"search_term_string\"}}],\"inLanguage\":\"en-US\"},{\"@type\":\"Organization\",\"@id\":\"https:\/\/politologia.uwr.edu.pl\/#organization\",\"name\":\"The Institute of Political Science\",\"url\":\"https:\/\/politologia.uwr.edu.pl\/\",\"logo\":{\"@type\":\"ImageObject\",\"inLanguage\":\"en-US\",\"@id\":\"https:\/\/politologia.uwr.edu.pl\/#\/schema\/logo\/image\/\",\"url\":\"https:\/\/politologia.uwr.edu.pl\/wp-content\/uploads\/sites\/414\/2025\/10\/UWr-logotyp-2025.png\",\"contentUrl\":\"https:\/\/politologia.uwr.edu.pl\/wp-content\/uploads\/sites\/414\/2025\/10\/UWr-logotyp-2025.png\",\"width\":764,\"height\":269,\"caption\":\"The Institute of Political Science\"},\"image\":{\"@id\":\"https:\/\/politologia.uwr.edu.pl\/#\/schema\/logo\/image\/\"}}]}<\/script>\n<!-- \/ Yoast SEO plugin. -->","yoast_head_json":{"title":"Authorities of the Institute of Political Science - The Institute of Political Science","robots":{"index":"index","follow":"follow","max-snippet":"max-snippet:-1","max-image-preview":"max-image-preview:large","max-video-preview":"max-video-preview:-1"},"canonical":"https:\/\/politologia.uwr.edu.pl\/en\/institute\/wladze-instytutu\/","og_locale":"en_US","og_type":"article","og_title":"Authorities of the Institute of Political Science - The Institute of Political Science","og_description":"Director: dr hab. Dorota Moro\u0144, prof. UWr e-mail: dorota.moron@uwr.edu.pl Secretariat: room 121, tel. 71 375 50 62 Deputy Director for Education: dr Ma\u0142gorzata Madej e-mail: malgorzata.madej@uwr.edu.pl Didactic secretariat: room 107\/107c, tel. 71 326 10 05, 71 374 50 59 Deputy Director for Research and Development: dr hab. Kamil Glinka e-mail: kamil.glinka@uwr.edu.pl, room 107d Deputy Director [&hellip;]","og_url":"https:\/\/politologia.uwr.edu.pl\/en\/institute\/wladze-instytutu\/","og_site_name":"The Institute of Political Science","article_modified_time":"2025-11-07T07:57:10+00:00","og_image":[{"width":1600,"height":1067,"url":"https:\/\/politologia.uwr.edu.pl\/wp-content\/uploads\/sites\/414\/2024\/09\/obraz-1.jpg","type":"image\/jpeg"}],"twitter_card":"summary_large_image","twitter_misc":{"Est. reading time":"2 minutes"},"schema":{"@context":"https:\/\/schema.org","@graph":[{"@type":"WebPage","@id":"https:\/\/politologia.uwr.edu.pl\/en\/institute\/wladze-instytutu\/","url":"https:\/\/politologia.uwr.edu.pl\/en\/institute\/wladze-instytutu\/","name":"Authorities of the Institute of Political Science - The Institute of Political Science","isPartOf":{"@id":"https:\/\/politologia.uwr.edu.pl\/#website"},"primaryImageOfPage":{"@id":"https:\/\/politologia.uwr.edu.pl\/en\/institute\/wladze-instytutu\/#primaryimage"},"image":{"@id":"https:\/\/politologia.uwr.edu.pl\/en\/institute\/wladze-instytutu\/#primaryimage"},"thumbnailUrl":"https:\/\/politologia.uwr.edu.pl\/wp-content\/uploads\/sites\/414\/2024\/09\/obraz-1.jpg","datePublished":"2023-06-23T09:55:48+00:00","dateModified":"2025-11-07T07:57:10+00:00","breadcrumb":{"@id":"https:\/\/politologia.uwr.edu.pl\/en\/institute\/wladze-instytutu\/#breadcrumb"},"inLanguage":"en-US","potentialAction":[{"@type":"ReadAction","target":["https:\/\/politologia.uwr.edu.pl\/en\/institute\/wladze-instytutu\/"]}]},{"@type":"ImageObject","inLanguage":"en-US","@id":"https:\/\/politologia.uwr.edu.pl\/en\/institute\/wladze-instytutu\/#primaryimage","url":"https:\/\/politologia.uwr.edu.pl\/wp-content\/uploads\/sites\/414\/2024\/09\/obraz-1.jpg","contentUrl":"https:\/\/politologia.uwr.edu.pl\/wp-content\/uploads\/sites\/414\/2024\/09\/obraz-1.jpg","width":1600,"height":1067,"caption":"dyrekcja IPoL"},{"@type":"BreadcrumbList","@id":"https:\/\/politologia.uwr.edu.pl\/en\/institute\/wladze-instytutu\/#breadcrumb","itemListElement":[{"@type":"ListItem","position":1,"name":"Strona g\u0142\u00f3wna","item":"https:\/\/politologia.uwr.edu.pl\/en\/"},{"@type":"ListItem","position":2,"name":"Institute","item":"https:\/\/politologia.uwr.edu.pl\/en\/institute\/"},{"@type":"ListItem","position":3,"name":"Authorities of the Institute of Political Science"}]},{"@type":"WebSite","@id":"https:\/\/politologia.uwr.edu.pl\/#website","url":"https:\/\/politologia.uwr.edu.pl\/","name":"The Institute of Political Science","description":"Kolejna witryna sieci \u201eUWR Witryny\u201d","publisher":{"@id":"https:\/\/politologia.uwr.edu.pl\/#organization"},"potentialAction":[{"@type":"SearchAction","target":{"@type":"EntryPoint","urlTemplate":"https:\/\/politologia.uwr.edu.pl\/?s={search_term_string}"},"query-input":{"@type":"PropertyValueSpecification","valueRequired":true,"valueName":"search_term_string"}}],"inLanguage":"en-US"},{"@type":"Organization","@id":"https:\/\/politologia.uwr.edu.pl\/#organization","name":"The Institute of Political Science","url":"https:\/\/politologia.uwr.edu.pl\/","logo":{"@type":"ImageObject","inLanguage":"en-US","@id":"https:\/\/politologia.uwr.edu.pl\/#\/schema\/logo\/image\/","url":"https:\/\/politologia.uwr.edu.pl\/wp-content\/uploads\/sites\/414\/2025\/10\/UWr-logotyp-2025.png","contentUrl":"https:\/\/politologia.uwr.edu.pl\/wp-content\/uploads\/sites\/414\/2025\/10\/UWr-logotyp-2025.png","width":764,"height":269,"caption":"The Institute of Political Science"},"image":{"@id":"https:\/\/politologia.uwr.edu.pl\/#\/schema\/logo\/image\/"}}]}},"publishpress_future_action":{"enabled":false,"date":"2026-04-28 17:55:58","action":"change-status","newStatus":"draft","terms":[],"taxonomy":"category","extraData":[]},"publishpress_future_workflow_manual_trigger":{"enabledWorkflows":[]},"_links":{"self":[{"href":"https:\/\/politologia.uwr.edu.pl\/en\/wp-json\/wp\/v2\/pages\/26670\/"}],"collection":[{"href":"https:\/\/politologia.uwr.edu.pl\/en\/wp-json\/wp\/v2\/pages\/"}],"about":[{"href":"https:\/\/politologia.uwr.edu.pl\/en\/wp-json\/wp\/v2\/types\/page\/"}],"author":[{"embeddable":true,"href":"https:\/\/politologia.uwr.edu.pl\/en\/wp-json\/wp\/v2\/users\/2235\/"}],"replies":[{"embeddable":true,"href":"https:\/\/politologia.uwr.edu.pl\/en\/wp-json\/wp\/v2\/comments\/?post=26670"}],"version-history":[{"count":14,"href":"https:\/\/politologia.uwr.edu.pl\/en\/wp-json\/wp\/v2\/pages\/26670\/revisions\/"}],"predecessor-version":[{"id":38643,"href":"https:\/\/politologia.uwr.edu.pl\/en\/wp-json\/wp\/v2\/pages\/26670\/revisions\/38643\/"}],"up":[{"embeddable":true,"href":"https:\/\/politologia.uwr.edu.pl\/en\/wp-json\/wp\/v2\/pages\/24024\/"}],"wp:featuredmedia":[{"embeddable":true,"href":"https:\/\/politologia.uwr.edu.pl\/en\/wp-json\/wp\/v2\/media\/29993\/"}],"wp:attachment":[{"href":"https:\/\/politologia.uwr.edu.pl\/en\/wp-json\/wp\/v2\/media\/?parent=26670"}],"wp:term":[{"taxonomy":"category","embeddable":true,"href":"https:\/\/politologia.uwr.edu.pl\/en\/wp-json\/wp\/v2\/categories\/?post=26670"},{"taxonomy":"post_tag","embeddable":true,"href":"https:\/\/politologia.uwr.edu.pl\/en\/wp-json\/wp\/v2\/tags\/?post=26670"}],"curies":[{"name":"wp","href":"https:\/\/api.w.org\/{rel}","templated":true}]}}